{"id":1719,"date":"2017-05-05T15:22:08","date_gmt":"2017-05-05T13:22:08","guid":{"rendered":"http:\/\/export-1.test-tangibledesign.net\/?page_id=1719"},"modified":"2019-08-04T11:17:34","modified_gmt":"2019-08-04T09:17:34","slug":"about-us","status":"publish","type":"page","link":"https:\/\/latami.pl\/?page_id=1719","title":{"rendered":"O nas"},"content":{"rendered":"<section class=\"wpb-content-wrapper\"><p>[vc_row][vc_column css=&#8221;.vc_custom_1512407858131{padding-top: 12px !important;padding-bottom: 24px !important;}&#8221;][vc_row_inner][vc_column_inner width=&#8221;1\/2&#8243;]\r\n    <div class=\"\"\r\n         style=\"text-align:center;\">\r\n        <i class=\"flaticon-office mh-color-default\"\r\n           style=\"font-size:50px;\"><\/i>\r\n    <\/div>\r\n\r\n<div class=\" \">\r\n\t\r\n        <div class=\"mh-heading-wrapper\">\r\n            <h3            class=\"mh-heading  mh-heading--bottom-separator    vc_custom_1564909333534\"\r\n            style=\"font-weight:700;\">\r\n\t\t\tNasza firma        <\/h3>\r\n\r\n\t\t            <div class=\"mh-subheading \"\r\n                 style=\"\">\r\n\t\t\t\tNasza firma dzia\u0142a na rynku nieruchomo\u015bci od 2019r. Specjalizujemy si\u0119 w sprzeda\u017cy i po\u015brednictwie nieruchomo\u015bci.            <\/div>\r\n\t\t    <\/div>\r\n\r\n\t<\/div>[\/vc_column_inner][vc_column_inner width=&#8221;1\/2&#8243;]\r\n    <div class=\"\"\r\n         style=\"text-align:center;\">\r\n        <i class=\"flaticon-technology mh-color-default\"\r\n           style=\"font-size:50px;\"><\/i>\r\n    <\/div>\r\n\r\n<div class=\" \">\r\n\t\r\n        <div class=\"mh-heading-wrapper\">\r\n            <h3            class=\"mh-heading  mh-heading--bottom-separator    vc_custom_1559754882582\"\r\n            style=\"font-weight:700;\">\r\n\t\t\tNasza wizja        <\/h3>\r\n\r\n\t\t            <div class=\"mh-subheading \"\r\n                 style=\"\">\r\n\t\t\t\tNaszym celem jest zbudowanie marki kt\u00f3ra w profesjonalny spos\u00f3b zapewni obs\u0142ug\u0119 podczas dzia\u0142a\u0144 zwi\u0105zanych z nieruchomo\u015bciami            <\/div>\r\n\t\t    <\/div>\r\n\r\n\t<\/div>[\/vc_column_inner][\/vc_row_inner][\/vc_column][\/vc_row][vc_row full_width=&#8221;stretch_row&#8221; css=&#8221;.vc_custom_1494609476686{background-color: #f4f4f4 !important;}&#8221;][vc_column css=&#8221;.vc_custom_1494333765775{padding-top: 39px !important;padding-bottom: 24px !important;}&#8221;]<div class=\" \">\r\n\t\r\n        <div class=\"mh-heading-wrapper\">\r\n            <h2            class=\"mh-heading  mh-heading--bottom-separator    vc_custom_1555219042921\"\r\n            style=\"font-weight:700;\">\r\n\t\t\tNasi agenci        <\/h2>\r\n\r\n\t\t    <\/div>\r\n\r\n\t<\/div>\r\n\t<div class=\"mh-agent-list\">\r\n\r\n\t\t\t\t\t<div class=\"mh-agent-list__element\">\r\n\t\t\t\t<article class=\"mh-agent mh-agent--white\">\r\n\t\t\t\t\t<a href=\"https:\/\/latami.pl\/?author=14\"\r\n\t\t\t\t\t   class=\"mh-agent__thumbnail\" title=\"Damian Orczykowski\">\r\n\t\t\t\t\t\t\t\t<img\r\n\t\t\t\t\t\t\tdata-srcset=\"https:\/\/latami.pl\/wp-content\/uploads\/2019\/10\/IMG_20190625_211008-100x100.jpg 100w, https:\/\/latami.pl\/wp-content\/uploads\/2019\/10\/IMG_20190625_211008-150x150.jpg 150w, https:\/\/latami.pl\/wp-content\/uploads\/2019\/10\/IMG_20190625_211008-400x400.jpg 400w, https:\/\/latami.pl\/wp-content\/uploads\/2019\/10\/IMG_20190625_211008-200x200.jpg 200w\"\r\n\t\t\t\tclass=\"lazyload \"\r\n\t\t\t\tdata-sizes=\"auto\"\r\n\t\t\t\t\t\talt=\"Damian Orczykowski\"\r\n\t\t>\r\n\t\t\t\t\t\t\t<\/a>\r\n\r\n\t\t\t\t\t<div class=\"mh-agent__content\">\r\n\t\t\t\t\t\t<h3 class=\"mh-agent__heading\">\r\n\t\t\t\t\t\t\t<a href=\"https:\/\/latami.pl\/?author=14\">\r\n\t\t\t\t\t\t\t\tDamian Orczykowski\t\t\t\t\t\t\t<\/a>\r\n\t\t\t\t\t\t<\/h3>\r\n\r\n\t\t\t\t\t\t\t\t\t\t\t\t\t\t\t\t\t\t\t\r\n\t\t\t\t\t\t\t\t\t\t\t\t\t<div class=\"mh-agent__additional-fields\">\r\n\t\t\t\t\t\t\t\t\t\t\t\t\t\t\t\t\t\t\t\t\t\t\t\t\t\t<div class=\"mh-agent__additional-fields__item\">\r\n\t\t\t\t\t\t\t\t\t\t<strong>\r\n\t\t\t\t\t\t\t\t\t\t\tOrganizacja:\r\n\t\t\t\t\t\t\t\t\t\t<\/strong>\r\n\t\t\t\t\t\t\t\t\t\tDAMBIT Damian Orczykowski\t\t\t\t\t\t\t\t\t<\/div>\r\n\t\t\t\t\t\t\t\t\t\t\t\t\t\t\t<\/div>\r\n\t\t\t\t\t\t\r\n\t\t\t\t\t\t<div class=\"mh-agent-contact\">\r\n\t\t\t\t\t\t\t\t\t\t\t\t\t\t\t\t\t\t\t\t\t\t\t\t<div class=\"mh-agent-contact__element\">\r\n\t\t\t\t\t\t\t\t\t\t<a href=\"mailto:kontakt@dambit.edu.pl\">\r\n\t\t\t\t\t\t\t\t\t\t\t<i class=\"flaticon-mail-2\"><\/i>\r\n\t\t\t\t\t\t\t\t\t\t\tkontakt@dambit.edu.pl\t\t\t\t\t\t\t\t\t\t<\/a>\r\n\t\t\t\t\t\t\t\t\t<\/div>\r\n\t\t\t\t\t\t\t\t\t\t\t\t\t\t\t\r\n\t\t\t\t\t\t\t\t\t\t\t\t\t\t\t\t\t\t\t\t\t\t\t\t<div class=\"mh-agent-contact__element\">\r\n\t\t\t\t\t\t\t\t\t\t<a href=\"tel:+48736060030\">\r\n\t\t\t\t\t\t\t\t\t\t\t<i class=\"flaticon-phone\"><\/i>\r\n\t\t\t\t\t\t\t\t\t\t\t+48 736 060 030\t\t\t\t\t\t\t\t\t\t<\/a>\r\n\t\t\t\t\t\t\t\t\t<\/div>\r\n\t\t\t\t\t\t\t\t\t\t\t\t\t\t\t\t\t\t\t\t\t<\/div>\r\n\r\n\t\t\t\t\t\t\r\n\t\t\t\t\t\t\t\t\t\t\t\t\t<div class=\"mh-agent__button-wrapper\">\r\n\t\t\t\t\t\t\t\t<div class=\"mh-agent__button\">\r\n\t\t\t\t\t\t\t\t\t<a href=\"https:\/\/latami.pl\/?author=14\"\r\n\t\t\t\t\t\t\t\t\t   title=\"Damian Orczykowski\"\r\n\t\t\t\t\t\t\t\t\t   class=\"mdl-button mdl-js-button mdl-button--raised mdl-button--primary-ghost\">\r\n\t\t\t\t\t\t\t\t\t\tPe\u0142ny profil\t\t\t\t\t\t\t\t\t<\/a>\r\n\t\t\t\t\t\t\t\t<\/div>\r\n\t\t\t\t\t\t\t<\/div>\r\n\t\t\t\t\t\t\t\t\t\t\t<\/div>\r\n\t\t\t\t<\/article>\r\n\t\t\t<\/div>\r\n\r\n\t\t\t\t\t<div class=\"mh-agent-list__element\">\r\n\t\t\t\t<article class=\"mh-agent mh-agent--white\">\r\n\t\t\t\t\t<a href=\"https:\/\/latami.pl\/?author=13\"\r\n\t\t\t\t\t   class=\"mh-agent__thumbnail\" title=\"Micha\u0142 Potocki\">\r\n\t\t\t\t\t\t\t\t<img\r\n\t\t\t\t\t\t\tdata-srcset=\"https:\/\/latami.pl\/wp-content\/uploads\/2019\/09\/IMG_20190911_143658-100x100.jpg 100w, https:\/\/latami.pl\/wp-content\/uploads\/2019\/09\/IMG_20190911_143658-150x150.jpg 150w, https:\/\/latami.pl\/wp-content\/uploads\/2019\/09\/IMG_20190911_143658-400x400.jpg 400w, https:\/\/latami.pl\/wp-content\/uploads\/2019\/09\/IMG_20190911_143658-200x200.jpg 200w\"\r\n\t\t\t\tclass=\"lazyload \"\r\n\t\t\t\tdata-sizes=\"auto\"\r\n\t\t\t\t\t\talt=\"Micha\u0142 Potocki\"\r\n\t\t>\r\n\t\t\t\t\t\t\t<\/a>\r\n\r\n\t\t\t\t\t<div class=\"mh-agent__content\">\r\n\t\t\t\t\t\t<h3 class=\"mh-agent__heading\">\r\n\t\t\t\t\t\t\t<a href=\"https:\/\/latami.pl\/?author=13\">\r\n\t\t\t\t\t\t\t\tMicha\u0142 Potocki\t\t\t\t\t\t\t<\/a>\r\n\t\t\t\t\t\t<\/h3>\r\n\r\n\t\t\t\t\t\t\t\t\t\t\t\t\t\t\t\t\t\t\t\r\n\t\t\t\t\t\t\t\t\t\t\t\t\t<div class=\"mh-agent__additional-fields\">\r\n\t\t\t\t\t\t\t\t\t\t\t\t\t\t\t\t\t\t\t\t\t\t\t\t\t\t<div class=\"mh-agent__additional-fields__item\">\r\n\t\t\t\t\t\t\t\t\t\t<strong>\r\n\t\t\t\t\t\t\t\t\t\t\tOrganizacja:\r\n\t\t\t\t\t\t\t\t\t\t<\/strong>\r\n\t\t\t\t\t\t\t\t\t\tLATAMI Micha\u0142 Potocki\t\t\t\t\t\t\t\t\t<\/div>\r\n\t\t\t\t\t\t\t\t\t\t\t\t\t\t\t<\/div>\r\n\t\t\t\t\t\t\r\n\t\t\t\t\t\t<div class=\"mh-agent-contact\">\r\n\t\t\t\t\t\t\t\t\t\t\t\t\t\t\t\t\t\t\t\t\t\t\t\t<div class=\"mh-agent-contact__element\">\r\n\t\t\t\t\t\t\t\t\t\t<a href=\"mailto:kontakt@latami.pl\">\r\n\t\t\t\t\t\t\t\t\t\t\t<i class=\"flaticon-mail-2\"><\/i>\r\n\t\t\t\t\t\t\t\t\t\t\tkontakt@latami.pl\t\t\t\t\t\t\t\t\t\t<\/a>\r\n\t\t\t\t\t\t\t\t\t<\/div>\r\n\t\t\t\t\t\t\t\t\t\t\t\t\t\t\t\r\n\t\t\t\t\t\t\t\t\t\t\t\t\t\t\t\t\t\t\t\t\t\t\t\t<div class=\"mh-agent-contact__element\">\r\n\t\t\t\t\t\t\t\t\t\t<a href=\"tel:+48736855868\">\r\n\t\t\t\t\t\t\t\t\t\t\t<i class=\"flaticon-phone\"><\/i>\r\n\t\t\t\t\t\t\t\t\t\t\t+48 736855868\t\t\t\t\t\t\t\t\t\t<\/a>\r\n\t\t\t\t\t\t\t\t\t<\/div>\r\n\t\t\t\t\t\t\t\t\t\t\t\t\t\t\t\t\t\t\t\t\t<\/div>\r\n\r\n\t\t\t\t\t\t\r\n\t\t\t\t\t\t\t\t\t\t\t\t\t<div class=\"mh-agent__button-wrapper\">\r\n\t\t\t\t\t\t\t\t<div class=\"mh-agent__button\">\r\n\t\t\t\t\t\t\t\t\t<a href=\"https:\/\/latami.pl\/?author=13\"\r\n\t\t\t\t\t\t\t\t\t   title=\"Micha\u0142 Potocki\"\r\n\t\t\t\t\t\t\t\t\t   class=\"mdl-button mdl-js-button mdl-button--raised mdl-button--primary-ghost\">\r\n\t\t\t\t\t\t\t\t\t\tPe\u0142ny profil\t\t\t\t\t\t\t\t\t<\/a>\r\n\t\t\t\t\t\t\t\t<\/div>\r\n\t\t\t\t\t\t\t<\/div>\r\n\t\t\t\t\t\t\t\t\t\t\t<\/div>\r\n\t\t\t\t<\/article>\r\n\t\t\t<\/div>\r\n\r\n\t\t\t<\/div>\r\n\r\n[\/vc_column][\/vc_row][vc_row full_width=&#8221;stretch_row&#8221;][vc_column css=&#8221;.vc_custom_1494338314650{padding-top: 39px !important;padding-bottom: 24px !important;}&#8221;]<div class=\" \">\r\n\t\r\n        <div class=\"mh-heading-wrapper\">\r\n            <h2            class=\"mh-heading  mh-heading--bottom-separator   \"\r\n            style=\"font-weight:700;\">\r\n\t\t\tCo s\u0105dz\u0105 o nas klienci        <\/h2>\r\n\r\n\t\t    <\/div>\r\n\r\n\t<\/div>\t<div class=\"owl-carousel owl-carousel--visible-1  mh-testimonials--dark mh-testimonials--standard\">\r\n\t\t\t\t\t<div class=\"item\">\r\n\t\t\t\t<article class=\"mh-testimonial\">\r\n\t\t\t\t\t<div class=\"mh-testimonial__inner\">\r\n\t\t\t\t\t\t<blockquote class=\"mh-testimonial__text\">\r\n\t\t\t\t\t\t\t<p>Latami Nieruchomo\u015bci to by\u0142 strza\u0142 w dziesi\u0105tk\u0119. Mieszkanie od razu znalaz\u0142o nabywc\u0119, a kwota za jak\u0105 zosta\u0142o sprzedane zadowoli\u0142a obie strony \ud83d\ude42 Pan Micha\u0142 to 100% profesjonalista, a do tego przemi\u0142a osoba. Polecam i pozdrawiam serdecznie.<\/p>\n\t\t\t\t\t\t<\/blockquote>\r\n\t\t\t\t\t\t<div class=\"mh-testimonial__photo\">\r\n\t\t\t\t\t\t\t\t\t<img\r\n\t\t\t\t\t\t\tdata-srcset=\"https:\/\/latami.pl\/wp-content\/uploads\/2017\/02\/Willard-Donovan-100x100.jpg 100w, https:\/\/latami.pl\/wp-content\/uploads\/2017\/02\/Willard-Donovan-150x150.jpg 150w, https:\/\/latami.pl\/wp-content\/uploads\/2017\/02\/Willard-Donovan-300x300.jpg 300w, https:\/\/latami.pl\/wp-content\/uploads\/2017\/02\/Willard-Donovan-400x400.jpg 400w, https:\/\/latami.pl\/wp-content\/uploads\/2017\/02\/Willard-Donovan-200x200.jpg 200w, https:\/\/latami.pl\/wp-content\/uploads\/2017\/02\/Willard-Donovan-600x600.jpg 600w, https:\/\/latami.pl\/wp-content\/uploads\/2017\/02\/Willard-Donovan.jpg 634w\"\r\n\t\t\t\tclass=\"lazyload \"\r\n\t\t\t\tdata-sizes=\"auto\"\r\n\t\t\t\t\t\talt=\"Krzysztof Przybyszewski\"\r\n\t\t>\r\n\t\t\t\t\t\t\t\t<\/div>\r\n\r\n\t\t\t\t\t\t\t\t\t\t\t\t\t<div class=\"mh-testimonial__author-info\">\r\n\t\t\t\t\t\t\t\t\t\t\t\t\t\t\t\t\t<h3 class=\"mh-testimonial__author\">\r\n\t\t\t\t\t\t\t\t\t\tKrzysztof Przybyszewski\t\t\t\t\t\t\t\t\t<\/h3>\r\n\t\t\t\t\t\t\t\t\r\n\t\t\t\t\t\t\t\t\t\t\t\t\t\t\t\t\t<div class=\"mh-testimonial__occupation\">\r\n\t\t\t\t\t\t\t\t\t\tosoba prywatna\t\t\t\t\t\t\t\t\t<\/div>\r\n\t\t\t\t\t\t\t\t\t\t\t\t\t\t\t<\/div>\r\n\t\t\t\t\t\t\t\t\t\t\t<\/div>\r\n\t\t\t\t<\/article>\r\n\t\t\t<\/div>\r\n\t\t\t\t\t<div class=\"item\">\r\n\t\t\t\t<article class=\"mh-testimonial\">\r\n\t\t\t\t\t<div class=\"mh-testimonial__inner\">\r\n\t\t\t\t\t\t<blockquote class=\"mh-testimonial__text\">\r\n\t\t\t\t\t\t\t<p>Polecam wszystkim, kt\u00f3rzy maj\u0105 jakiekolwiek trudno\u015bci w sprzedaniu mieszkania. Nowa aran\u017cacja oraz o\u015bwietlenie sprawi\u0142y, \u017ce mieszkanie sprzeda\u0142em szybko i w maksymalnej cenie.<\/p>\n\t\t\t\t\t\t<\/blockquote>\r\n\t\t\t\t\t\t<div class=\"mh-testimonial__photo\">\r\n\t\t\t\t\t\t\t\t\t<img\r\n\t\t\t\t\t\t\tdata-srcset=\"https:\/\/latami.pl\/wp-content\/uploads\/2017\/02\/Orpha-Letitia-100x100.jpg 100w, https:\/\/latami.pl\/wp-content\/uploads\/2017\/02\/Orpha-Letitia-150x150.jpg 150w, https:\/\/latami.pl\/wp-content\/uploads\/2017\/02\/Orpha-Letitia-300x300.jpg 300w, https:\/\/latami.pl\/wp-content\/uploads\/2017\/02\/Orpha-Letitia-400x400.jpg 400w, https:\/\/latami.pl\/wp-content\/uploads\/2017\/02\/Orpha-Letitia-200x200.jpg 200w, https:\/\/latami.pl\/wp-content\/uploads\/2017\/02\/Orpha-Letitia-600x600.jpg 600w, https:\/\/latami.pl\/wp-content\/uploads\/2017\/02\/Orpha-Letitia.jpg 634w\"\r\n\t\t\t\tclass=\"lazyload \"\r\n\t\t\t\tdata-sizes=\"auto\"\r\n\t\t\t\t\t\talt=\"Ma\u0142gorzata Herman\"\r\n\t\t>\r\n\t\t\t\t\t\t\t\t<\/div>\r\n\r\n\t\t\t\t\t\t\t\t\t\t\t\t\t<div class=\"mh-testimonial__author-info\">\r\n\t\t\t\t\t\t\t\t\t\t\t\t\t\t\t\t\t<h3 class=\"mh-testimonial__author\">\r\n\t\t\t\t\t\t\t\t\t\tMa\u0142gorzata Herman\t\t\t\t\t\t\t\t\t<\/h3>\r\n\t\t\t\t\t\t\t\t\r\n\t\t\t\t\t\t\t\t\t\t\t\t\t\t\t\t\t<div class=\"mh-testimonial__occupation\">\r\n\t\t\t\t\t\t\t\t\t\tFirma Budyk\t\t\t\t\t\t\t\t\t<\/div>\r\n\t\t\t\t\t\t\t\t\t\t\t\t\t\t\t<\/div>\r\n\t\t\t\t\t\t\t\t\t\t\t<\/div>\r\n\t\t\t\t<\/article>\r\n\t\t\t<\/div>\r\n\t\t\t\t\t<div class=\"item\">\r\n\t\t\t\t<article class=\"mh-testimonial\">\r\n\t\t\t\t\t<div class=\"mh-testimonial__inner\">\r\n\t\t\t\t\t\t<blockquote class=\"mh-testimonial__text\">\r\n\t\t\t\t\t\t\t<p>Gor\u0105co polecamy Wszystkim, kt\u00f3rzy pragn\u0105 zakupi\u0107 w\u0142asne &#8222;m&#8221;. Jako klienci biura jeste\u015bmy bardzo zadowoleni z przebiegu kolejno za\u0142atwianych spraw przez bardzo sympatycznego i kompetentnego w\u0142a\u015bciciela. Sprawno\u015b\u0107 i profesjonalizm to mocny atut dzia\u0142alno\u015bci biura.<\/p>\n\t\t\t\t\t\t<\/blockquote>\r\n\t\t\t\t\t\t<div class=\"mh-testimonial__photo\">\r\n\t\t\t\t\t\t\t\t\t<img\r\n\t\t\t\t\t\t\tdata-srcset=\"https:\/\/latami.pl\/wp-content\/uploads\/2017\/02\/Alana-Dyan-100x100.jpg 100w, https:\/\/latami.pl\/wp-content\/uploads\/2017\/02\/Alana-Dyan-150x150.jpg 150w, https:\/\/latami.pl\/wp-content\/uploads\/2017\/02\/Alana-Dyan-300x300.jpg 300w, https:\/\/latami.pl\/wp-content\/uploads\/2017\/02\/Alana-Dyan-400x400.jpg 400w, https:\/\/latami.pl\/wp-content\/uploads\/2017\/02\/Alana-Dyan-200x200.jpg 200w, https:\/\/latami.pl\/wp-content\/uploads\/2017\/02\/Alana-Dyan-600x600.jpg 600w, https:\/\/latami.pl\/wp-content\/uploads\/2017\/02\/Alana-Dyan.jpg 634w\"\r\n\t\t\t\tclass=\"lazyload \"\r\n\t\t\t\tdata-sizes=\"auto\"\r\n\t\t\t\t\t\talt=\"Weronika Ga\u0142\u0105zka\"\r\n\t\t>\r\n\t\t\t\t\t\t\t\t<\/div>\r\n\r\n\t\t\t\t\t\t\t\t\t\t\t\t\t<div class=\"mh-testimonial__author-info\">\r\n\t\t\t\t\t\t\t\t\t\t\t\t\t\t\t\t\t<h3 class=\"mh-testimonial__author\">\r\n\t\t\t\t\t\t\t\t\t\tWeronika Ga\u0142\u0105zka\t\t\t\t\t\t\t\t\t<\/h3>\r\n\t\t\t\t\t\t\t\t\r\n\t\t\t\t\t\t\t\t\t\t\t\t\t\t\t\t\t<div class=\"mh-testimonial__occupation\">\r\n\t\t\t\t\t\t\t\t\t\tosoba prywatna\t\t\t\t\t\t\t\t\t<\/div>\r\n\t\t\t\t\t\t\t\t\t\t\t\t\t\t\t<\/div>\r\n\t\t\t\t\t\t\t\t\t\t\t<\/div>\r\n\t\t\t\t<\/article>\r\n\t\t\t<\/div>\r\n\t\t\t<\/div>\r\n[\/vc_column][\/vc_row][vc_row full_width=&#8221;stretch_row_content_no_spaces&#8221; equal_height=&#8221;yes&#8221; content_placement=&#8221;middle&#8221; css=&#8221;.vc_custom_1496137208354{background-color: #f4f4f4 !important;}&#8221;][vc_column width=&#8221;1\/2&#8243; css=&#8221;.vc_custom_1532969734586{padding-top: 0px !important;background-image: url(https:\/\/myhometheme.net\/marketplace\/wp-content\/uploads\/2018\/07\/home-roof.jpg?id=3357) !important;background-position: center !important;background-repeat: no-repeat !important;background-size: cover !important;}&#8221; el_class=&#8221;mh-2-col-image-bg&#8221;][\/vc_column][vc_column width=&#8221;1\/2&#8243; css=&#8221;.vc_custom_1496231457062{padding-top: 0px !important;}&#8221; el_class=&#8221;mh-2-col-text&#8221;]<div class=\"mh-heading-wrapper--left \">\r\n\t\r\n        <div class=\"mh-heading-wrapper\">\r\n            <h2            class=\"mh-heading  mh-heading--bottom-separator   \"\r\n            style=\"font-weight:700;\">\r\n\t\t\tOferty specjalne        <\/h2>\r\n\r\n\t\t    <\/div>\r\n\r\n\t<\/div>[vc_column_text el_class=&#8221;mh-font-size-m&#8221;]Przedstawiamy Pa\u0144stwu oferty specjalne[\/vc_column_text]<div style=\"text-align:left;\"\r\n\t class=\"\">\r\n\t<a href=\"https:\/\/latami.pl#\"\r\n\t   class=\"mdl-button mdl-js-button mdl-button--raised mdl-button--primary-ghost \"\r\n\t   title=\"Czytaj wi\u0119cej\"\r\n\t   target=\"_self\"\r\n\t>\r\n\t\tCzytaj wi\u0119cej\t<\/a>\r\n<\/div>[\/vc_column][\/vc_row]<\/p>\n<\/section>","protected":false},"excerpt":{"rendered":"<p>[vc_row][vc_column css=&#8221;.vc_custom_1512407858131{padding-top: 12px !important;padding-bottom: 24px !important;}&#8221;][vc_row_inner][vc_column_inner width=&#8221;1\/2&#8243;][\/vc_column_inner][vc_column_inner width=&#8221;1\/2&#8243;][\/vc_column_inner][\/vc_row_inner][\/vc_column][\/vc_row][vc_row full_width=&#8221;stretch_row&#8221; css=&#8221;.vc_custom_1494609476686{background-color: #f4f4f4 !important;}&#8221;][vc_column css=&#8221;.vc_custom_1494333765775{padding-top: 39px !important;padding-bottom: 24px !important;}&#8221;][\/vc_column][\/vc_row][vc_row full_width=&#8221;stretch_row&#8221;][vc_column css=&#8221;.vc_custom_1494338314650{padding-top: 39px !important;padding-bottom: 24px !important;}&#8221;][\/vc_column][\/vc_row][vc_row full_width=&#8221;stretch_row_content_no_spaces&#8221; equal_height=&#8221;yes&#8221; content_placement=&#8221;middle&#8221; css=&#8221;.vc_custom_1496137208354{background-color: #f4f4f4 !important;}&#8221;][vc_column width=&#8221;1\/2&#8243; css=&#8221;.vc_custom_1532969734586{padding-top: 0px !important;background-image: url(https:\/\/myhometheme.net\/marketplace\/wp-content\/uploads\/2018\/07\/home-roof.jpg?id=3357) !important;background-position: center !important;background-repeat: no-repeat !important;background-size: cover !important;}&#8221; el_class=&#8221;mh-2-col-image-bg&#8221;][\/vc_column][vc_column width=&#8221;1\/2&#8243; css=&#8221;.vc_custom_1496231457062{padding-top: 0px !important;}&#8221; el_class=&#8221;mh-2-col-text&#8221;][vc_column_text el_class=&#8221;mh-font-size-m&#8221;]Przedstawiamy Pa\u0144stwu oferty specjalne[\/vc_column_text][\/vc_column][\/vc_row]<\/p>\n","protected":false},"author":1,"featured_media":0,"parent":0,"menu_order":0,"comment_status":"closed","ping_status":"closed","template":"page_full-width-with-top-title.php","meta":[],"acf":[],"_links":{"self":[{"href":"https:\/\/latami.pl\/index.php?rest_route=\/wp\/v2\/pages\/1719"}],"collection":[{"href":"https:\/\/latami.pl\/index.php?rest_route=\/wp\/v2\/pages"}],"about":[{"href":"https:\/\/latami.pl\/index.php?rest_route=\/wp\/v2\/types\/page"}],"author":[{"embeddable":true,"href":"https:\/\/latami.pl\/index.php?rest_route=\/wp\/v2\/users\/1"}],"replies":[{"embeddable":true,"href":"https:\/\/latami.pl\/index.php?rest_route=%2Fwp%2Fv2%2Fcomments&post=1719"}],"version-history":[{"count":6,"href":"https:\/\/latami.pl\/index.php?rest_route=\/wp\/v2\/pages\/1719\/revisions"}],"predecessor-version":[{"id":3540,"href":"https:\/\/latami.pl\/index.php?rest_route=\/wp\/v2\/pages\/1719\/revisions\/3540"}],"wp:attachment":[{"href":"https:\/\/latami.pl\/index.php?rest_route=%2Fwp%2Fv2%2Fmedia&parent=1719"}],"curies":[{"name":"wp","href":"https:\/\/api.w.org\/{rel}","templated":true}]}}