{"id":1868,"date":"2017-09-26T12:01:49","date_gmt":"2017-09-26T12:01:49","guid":{"rendered":"http:\/\/export-1.test-tangibledesign.net\/?page_id=1868"},"modified":"2019-10-07T22:29:16","modified_gmt":"2019-10-07T20:29:16","slug":"image-parallax","status":"publish","type":"page","link":"https:\/\/latami.pl\/?page_id=1868","title":{"rendered":"Homepage &#8211; Image parallax"},"content":{"rendered":"<section class=\"wpb-content-wrapper\"><p>[vc_row full_width=&#8221;stretch_row_content_no_spaces&#8221; el_class=&#8221;mh-border-color-primary&#8221; css=&#8221;.vc_custom_1506957933483{padding-top: 0px !important;padding-bottom: 0px !important;}&#8221;][vc_column css=&#8221;.vc_custom_1505130209319{padding-top: 0px !important;padding-bottom: 0px !important;}&#8221;]\r\n    <div class=\"mh-rs-search mh-rs-search--middle mh-rs-search--type-5 mh-rs-search--size-big mh-rs-search--bg-light-mask\">\r\n        <style>\r\n            #myhome-search-form-submit .mh-search--button {\r\n                top: 0px !important;\r\n            }\r\n\r\n            @media (max-width: 778px) {\r\n                #myhome-search-form-submit .mh-search--button {\r\n                    top: 0px !important;\r\n                }\r\n            }\r\n        <\/style>\r\n        \n\t\t\t<!-- START MH Investments REVOLUTION SLIDER 6.6.7 --><p class=\"rs-p-wp-fix\"><\/p>\n\t\t\t<rs-module-wrap id=\"rev_slider_11_1_wrapper\" data-source=\"gallery\" style=\"visibility:hidden;background:transparent;padding:0;margin:0px auto;margin-top:0;margin-bottom:0;\">\n\t\t\t\t<rs-module id=\"rev_slider_11_1\" style=\"\" data-version=\"6.6.7\">\n\t\t\t\t\t<rs-slides style=\"overflow: hidden; position: absolute;\">\n\t\t\t\t\t\t<rs-slide style=\"position: absolute;\" data-key=\"rs-15\" data-title=\"Slide\" data-anim=\"adpr:false;\" data-in=\"o:0;\" data-out=\"a:false;\">\n\t\t\t\t\t\t\t<img src=\"\/\/latami.pl\/wp-content\/plugins\/revslider\/public\/assets\/assets\/dummy.png\" alt=\"\" title=\"Homepage &#8211; Image parallax\" class=\"rev-slidebg tp-rs-img rs-lazyload\" data-lazyload=\"\/\/latami.pl\/wp-content\/uploads\/2017\/09\/dubai.jpg\" data-parallax=\"15\" data-no-retina>\n<!--\n\t\t\t\t\t\t\t--><h3\n\t\t\t\t\t\t\t\tid=\"slider-11-slide-15-layer-2\" \n\t\t\t\t\t\t\t\tclass=\"rs-layer rs-pxl-4\"\n\t\t\t\t\t\t\t\tdata-type=\"text\"\n\t\t\t\t\t\t\t\tdata-color=\"#ffffff||#ffffff||rgba(255, 255, 255, 1)||rgba(255, 255, 255, 1)\"\n\t\t\t\t\t\t\t\tdata-rsp_ch=\"on\"\n\t\t\t\t\t\t\t\tdata-xy=\"x:c;y:m;yo:-19px,-20px,-20px,-30px;\"\n\t\t\t\t\t\t\t\tdata-text=\"w:nowrap,nowrap,nowrap,normal;s:60,50,40,18;l:50,50,50,36;fw:700;a:inherit,inherit,inherit,center;\"\n\t\t\t\t\t\t\t\tdata-dim=\"w:auto,auto,auto,300px;\"\n\t\t\t\t\t\t\t\tdata-frame_0=\"y:-50px;\"\n\t\t\t\t\t\t\t\tdata-frame_1=\"e:power4.inOut;st:900;sp:800;sR:900;\"\n\t\t\t\t\t\t\t\tdata-frame_999=\"o:0;st:w;sR:7300;\"\n\t\t\t\t\t\t\t\tstyle=\"z-index:6;font-family:'Roboto';text-transform:uppercase;\"\n\t\t\t\t\t\t\t><div class=\"mh-color-primary\">Inwestycja w nieruchomo\u015bci<\/div> \n\t\t\t\t\t\t\t<\/h3><!--\n\n\t\t\t\t\t\t\t--><rs-layer\n\t\t\t\t\t\t\t\tid=\"slider-11-slide-15-layer-3\" \n\t\t\t\t\t\t\t\tclass=\"tp-shape tp-shapewrapper\"\n\t\t\t\t\t\t\t\tdata-type=\"shape\"\n\t\t\t\t\t\t\t\tdata-rsp_ch=\"on\"\n\t\t\t\t\t\t\t\tdata-xy=\"x:c;y:m;\"\n\t\t\t\t\t\t\t\tdata-text=\"a:inherit;\"\n\t\t\t\t\t\t\t\tdata-dim=\"w:100%;h:100%;\"\n\t\t\t\t\t\t\t\tdata-basealign=\"slide\"\n\t\t\t\t\t\t\t\tdata-frame_1=\"sp:10;sR:10;\"\n\t\t\t\t\t\t\t\tdata-frame_999=\"o:0;st:w;sR:8980;\"\n\t\t\t\t\t\t\t\tstyle=\"z-index:5;background-color:rgba(0,0,0,0.77);\"\n\t\t\t\t\t\t\t> \n\t\t\t\t\t\t\t<\/rs-layer><!--\n\n\t\t\t\t\t\t\t--><rs-layer\n\t\t\t\t\t\t\t\tid=\"slider-11-slide-15-layer-5\" \n\t\t\t\t\t\t\t\tclass=\"rs-pxl-4\"\n\t\t\t\t\t\t\t\tdata-type=\"text\"\n\t\t\t\t\t\t\t\tdata-color=\"#ffffff||#ffffff||rgba(255, 255, 255, 1)||rgba(255, 255, 255, 1)\"\n\t\t\t\t\t\t\t\tdata-rsp_ch=\"on\"\n\t\t\t\t\t\t\t\tdata-xy=\"x:c;y:m;yo:24px,24px,24px,0;\"\n\t\t\t\t\t\t\t\tdata-text=\"s:16,16,16,10;l:24;ls:9px,9px,9px,1px;fw:700,700,400,400;a:inherit;\"\n\t\t\t\t\t\t\t\tdata-frame_0=\"y:50px;\"\n\t\t\t\t\t\t\t\tdata-frame_1=\"e:power4.inOut;st:900;sp:800;sR:900;\"\n\t\t\t\t\t\t\t\tdata-frame_999=\"o:0;st:w;sR:7300;\"\n\t\t\t\t\t\t\t\tstyle=\"z-index:7;font-family:'Roboto';text-transform:uppercase;\"\n\t\t\t\t\t\t\t>buduj sw\u00f3j kapital \n\t\t\t\t\t\t\t<\/rs-layer><!--\n\n\t\t\t\t\t\t\t--><rs-layer\n\t\t\t\t\t\t\t\tid=\"slider-11-slide-15-layer-7\" \n\t\t\t\t\t\t\t\tclass=\"rs-pxl-4\"\n\t\t\t\t\t\t\t\tdata-type=\"text\"\n\t\t\t\t\t\t\t\tdata-xy=\"x:c;y:m;yo:70px,70px,70px,40px;\"\n\t\t\t\t\t\t\t\tdata-text=\"s:20,20,20,15;l:22;a:inherit;\"\n\t\t\t\t\t\t\t\tdata-rsp_o=\"off\"\n\t\t\t\t\t\t\t\tdata-rsp_bd=\"off\"\n\t\t\t\t\t\t\t\tdata-frame_1=\"st:1700;sp:400;sR:1700;\"\n\t\t\t\t\t\t\t\tdata-frame_999=\"o:0;st:w;sR:6900;\"\n\t\t\t\t\t\t\t\tstyle=\"z-index:8;font-family:'Open Sans';\"\n\t\t\t\t\t\t\t><div class=\"mh-slider__buttons\"><a href=\"#\" class=\"mdl-button mdl-js-button mdl-js-ripple-effect mdl-button--raised mdl-button--white\">Zobacz oferty<\/a><a href=\"#\" class=\"mdl-button mdl-js-button mdl-js-ripple-effect mdl-button--raised mdl-button--white\">Do\u0142\u0105cz do projektu<\/a><\/div> \n\t\t\t\t\t\t\t<\/rs-layer><!--\n\n\t\t\t\t\t\t\t--><rs-layer\n\t\t\t\t\t\t\t\tid=\"slider-11-slide-15-layer-9\" \n\t\t\t\t\t\t\t\tclass=\"Fashion-TextBlock\"\n\t\t\t\t\t\t\t\tdata-type=\"text\"\n\t\t\t\t\t\t\t\tdata-color=\"#ff3a2d\"\n\t\t\t\t\t\t\t\tdata-rsp_ch=\"on\"\n\t\t\t\t\t\t\t\tdata-xy=\"xo:401px,329px,245px,71px;yo:111px,72px,69px,37px;\"\n\t\t\t\t\t\t\t\tdata-text=\"s:20,20,20,16;l:40;ls:2px;a:inherit;\"\n\t\t\t\t\t\t\t\tdata-dim=\"w:226px,226px,226px,183px;h:41px,41px,41px,auto;\"\n\t\t\t\t\t\t\t\tdata-frame_1=\"sp:2400;sR:10;\"\n\t\t\t\t\t\t\t\tdata-frame_999=\"o:0;st:w;sR:6590;\"\n\t\t\t\t\t\t\t\tdata-loop_999=\"sX:0;sY:0;sp:4000;yym:t;yys:t;yyf:t;\"\n\t\t\t\t\t\t\t\tstyle=\"z-index:9;font-family:'Raleway';\"\n\t\t\t\t\t\t\t>Dajem Ci wi\u0119cej ni\u017c inni. \n\t\t\t\t\t\t\t<\/rs-layer><!--\n\n\t\t\t\t\t\t\t--><rs-layer\n\t\t\t\t\t\t\t\tid=\"slider-11-slide-15-layer-10\" \n\t\t\t\t\t\t\t\tdata-type=\"text\"\n\t\t\t\t\t\t\t\tdata-rsp_ch=\"on\"\n\t\t\t\t\t\t\t\tdata-xy=\"xo:437px,373px,288px,88px;yo:157px,122px,122px,76px;\"\n\t\t\t\t\t\t\t\tdata-text=\"l:22;a:inherit;\"\n\t\t\t\t\t\t\t\tdata-frame_1=\"sR:10;\"\n\t\t\t\t\t\t\t\tdata-frame_999=\"o:0;st:w;sR:8690;\"\n\t\t\t\t\t\t\t\tdata-loop_999=\"sX:2;sY:2;sp:4000;e:power0.in;yym:t;yys:t;yyf:t;\"\n\t\t\t\t\t\t\t\tstyle=\"z-index:10;font-family:'Open Sans';\"\n\t\t\t\t\t\t\t><b>5 % <\/b> w skali roku \n\t\t\t\t\t\t\t<\/rs-layer><!--\n-->\t\t\t\t\t\t<\/rs-slide>\n\t\t\t\t\t<\/rs-slides>\n\t\t\t\t<\/rs-module>\n\t\t\t\t<script>\n\t\t\t\t\tsetREVStartSize({c: 'rev_slider_11_1',rl:[1240,1024,778,480],el:[500,400,400,300],gw:[1024,900,738,320],gh:[500,400,400,300],type:'hero',justify:'',layout:'fullwidth',mh:\"0\"});if (window.RS_MODULES!==undefined && window.RS_MODULES.modules!==undefined && window.RS_MODULES.modules[\"revslider111\"]!==undefined) {window.RS_MODULES.modules[\"revslider111\"].once = false;window.revapi11 = undefined;if (window.RS_MODULES.checkMinimal!==undefined) window.RS_MODULES.checkMinimal()}\n\t\t\t\t<\/script>\n\t\t\t<\/rs-module-wrap>\n\t\t\t<!-- END REVOLUTION SLIDER -->\n    <\/div>\r\n[\/vc_column][\/vc_row][vc_row][vc_column css=&#8221;.vc_custom_1507214929467{padding-top: 30px !important;padding-bottom: 24px !important;}&#8221;][vc_row_inner][vc_column_inner width=&#8221;1\/4&#8243;][vc_icon type=&#8221;material&#8221; icon_material=&#8221;vc-material vc-material-trending_up&#8221; color=&#8221;custom&#8221; size=&#8221;lg&#8221; align=&#8221;center&#8221; custom_color=&#8221;#222222&#8243; css=&#8221;.vc_custom_1507045342667{margin-bottom: 0px !important;}&#8221;][vc_column_text css_animation=&#8221;fadeInUp&#8221; css=&#8221;.vc_custom_1570053032890{margin-bottom: 12px !important;}&#8221;]<\/p>\n<h3 style=\"margin-bottom: 6px; text-align: center;\"><strong>Szybki wzrost kapita\u0142u<br \/>\n<\/strong><\/h3>\n<p style=\"text-align: center;\">Dajemy Ci wi\u0119cej ni\u017c inni.<br \/>\n<font color=\"red\">5% zysku<\/font> rocznie z wp\u0142aconej kwoty kapita\u0142u[\/vc_column_text]<div style=\"text-align:center;\"\r\n\t class=\" vc_custom_1570480048976\">\r\n\t<a href=\"https:\/\/latami.pl\/?page_id=1674\"\r\n\t   class=\"mdl-button mdl-js-button mdl-button--raised mdl-button--primary-ghost \"\r\n\t   title=\"Zobacz wi\u0119cej\"\r\n\t   target=\"_self\"\r\n\t>\r\n\t\tZobacz wi\u0119cej\t<\/a>\r\n<\/div>[\/vc_column_inner][vc_column_inner width=&#8221;1\/4&#8243;][vc_icon type=&#8221;material&#8221; icon_material=&#8221;vc-material vc-material-beach_access&#8221; color=&#8221;custom&#8221; size=&#8221;lg&#8221; align=&#8221;center&#8221; custom_color=&#8221;#222222&#8243; css=&#8221;.vc_custom_1507045355533{margin-bottom: 0px !important;}&#8221;][vc_column_text css_animation=&#8221;fadeInUp&#8221; css=&#8221;.vc_custom_1570052386318{margin-bottom: 12px !important;}&#8221;]<\/p>\n<h3 style=\"margin-bottom: 6px; text-align: center;\"><strong>Stabilne fundamenty<br \/>\n<\/strong><\/h3>\n<p style=\"text-align: center;\">Powierzone pieni\u0105dze inwestowa\u0107 b\u0119dziemy w nieruchomo\u015bci<\/p>\n<p>[\/vc_column_text]<div style=\"text-align:center;\"\r\n\t class=\" vc_custom_1570480063113\">\r\n\t<a href=\"https:\/\/latami.pl\/?page_id=1674\"\r\n\t   class=\"mdl-button mdl-js-button mdl-button--raised mdl-button--primary-ghost \"\r\n\t   title=\"Zobacz wi\u0119cej\"\r\n\t   target=\"_self\"\r\n\t>\r\n\t\tZobacz wi\u0119cej\t<\/a>\r\n<\/div>[\/vc_column_inner][vc_column_inner width=&#8221;1\/4&#8243;][vc_icon type=&#8221;material&#8221; icon_material=&#8221;vc-material vc-material-alarm_on&#8221; color=&#8221;custom&#8221; size=&#8221;lg&#8221; align=&#8221;center&#8221; custom_color=&#8221;#222222&#8243; css=&#8221;.vc_custom_1570051545240{margin-bottom: 0px !important;}&#8221;][vc_column_text css_animation=&#8221;fadeInUp&#8221; css=&#8221;.vc_custom_1570052443575{margin-bottom: 12px !important;}&#8221;]<\/p>\n<h3 style=\"margin-bottom: 6px; text-align: center;\"><strong>Terminowo\u015b\u0107 wyp\u0142at<br \/>\n<\/strong><\/h3>\n<p style=\"text-align: center;\">Zysk\/odsetki z wp\u0142aconej kwoty wyp\u0142acamy zawsze 1 dnia ka\u017cdego miesi\u0105ca<\/p>\n<p>[\/vc_column_text]<div style=\"text-align:center;\"\r\n\t class=\" vc_custom_1570480075961\">\r\n\t<a href=\"https:\/\/latami.pl\/?page_id=1674\"\r\n\t   class=\"mdl-button mdl-js-button mdl-button--raised mdl-button--primary-ghost \"\r\n\t   title=\"Zobacz wi\u0119cej\"\r\n\t   target=\"_self\"\r\n\t>\r\n\t\tZobacz wi\u0119cej\t<\/a>\r\n<\/div>[\/vc_column_inner][vc_column_inner width=&#8221;1\/4&#8243;][vc_icon type=&#8221;material&#8221; icon_material=&#8221;vc-material vc-material-find_in_page&#8221; color=&#8221;custom&#8221; size=&#8221;lg&#8221; align=&#8221;center&#8221; custom_color=&#8221;#222222&#8243; css=&#8221;.vc_custom_1570051929756{margin-bottom: 0px !important;}&#8221;][vc_column_text css_animation=&#8221;fadeInUp&#8221; css=&#8221;.vc_custom_1570052524894{margin-bottom: 12px !important;}&#8221;]<\/p>\n<h3 style=\"margin-bottom: 6px; text-align: center;\"><strong>Legalno\u015b\u0107 inwestycji<br \/>\n<\/strong><\/h3>\n<p style=\"text-align: center;\">Ka\u017cda transakcja rejestrowana jest w US i odprowadzany jest podatek PCC<\/p>\n<p>[\/vc_column_text]<div style=\"text-align:center;\"\r\n\t class=\" vc_custom_1570480096375\">\r\n\t<a href=\"https:\/\/latami.pl\/?page_id=1674\"\r\n\t   class=\"mdl-button mdl-js-button mdl-button--raised mdl-button--primary-ghost \"\r\n\t   title=\"Zobacz wi\u0119cej\"\r\n\t   target=\"_self\"\r\n\t>\r\n\t\tZobacz wi\u0119cej\t<\/a>\r\n<\/div>[\/vc_column_inner][\/vc_row_inner][\/vc_column][\/vc_row][vc_row full_width=&#8221;stretch_row&#8221; css=&#8221;.vc_custom_1530552626435{background-color: #ffffff !important;}&#8221;][vc_column css=&#8221;.vc_custom_1507214661385{padding-top: 39px !important;padding-bottom: 36px !important;}&#8221;]<div class=\" \">\r\n\t\r\n        <div class=\"mh-heading-wrapper\">\r\n            <h2            class=\"mh-heading  mh-heading--bottom-separator    vc_custom_1555216920635\"\r\n            style=\"font-weight:700;\">\r\n\t\t\tProjekt inwestycyjny        <\/h2>\r\n\r\n\t\t    <\/div>\r\n\r\n\t<\/div>\t\t<listing-grid\r\n\t\t\tid=\"myhome-listing-grid\"\r\n\t\t\tclass=\"\"\r\n\t\t\tconfig-key='MyHomeListing1777726984'\r\n\t\t>\r\n\t\t\t\t\t<\/listing-grid>\r\n\t\t[\/vc_column][\/vc_row][vc_row full_width=&#8221;stretch_row_content_no_spaces&#8221; equal_height=&#8221;yes&#8221; content_placement=&#8221;middle&#8221; css=&#8221;.vc_custom_1505130472897{background-color: #f6f4ef !important;}&#8221;][vc_column width=&#8221;1\/2&#8243; css=&#8221;.vc_custom_1532967322421{padding-top: 0px !important;background-image: url(https:\/\/myhometheme.net\/marketplace\/wp-content\/uploads\/2017\/09\/dubai.jpg?id=1891) !important;background-position: center !important;background-repeat: no-repeat !important;background-size: cover !important;}&#8221; el_class=&#8221;mh-2-col-image&#8221;][\/vc_column][vc_column width=&#8221;1\/2&#8243; css=&#8221;.vc_custom_1496231457062{padding-top: 0px !important;}&#8221; el_class=&#8221;mh-2-col-text&#8221;]<div class=\"mh-heading-wrapper--left \">\r\n\t\r\n        <div class=\"mh-heading-wrapper\">\r\n            <h2            class=\"mh-heading  mh-heading--bottom-separator   \"\r\n            style=\"font-weight:700;\">\r\n\t\t\tRozwi\u0105zania przyjazne dla biznesu        <\/h2>\r\n\r\n\t\t    <\/div>\r\n\r\n\t<\/div>[vc_column_text el_class=&#8221;mh-font-size-m&#8221;]Strona w budowie&#8230;[\/vc_column_text]<div style=\"text-align:left;\"\r\n\t class=\"\">\r\n\t<a href=\"https:\/\/latami.pl\/?page_id=2560\"\r\n\t   class=\"mdl-button mdl-js-button mdl-button--raised mdl-button--primary mdl-button--lg\"\r\n\t   title=\"Czytaj wi\u0119cej\"\r\n\t   target=\"_self\"\r\n\t>\r\n\t\tCzytaj wi\u0119cej\t<\/a>\r\n<\/div>[\/vc_column][\/vc_row][vc_row full_width=&#8221;stretch_row_content_no_spaces&#8221; equal_height=&#8221;yes&#8221; content_placement=&#8221;middle&#8221;][vc_column width=&#8221;1\/2&#8243; css=&#8221;.vc_custom_1496231457062{padding-top: 0px !important;}&#8221; el_class=&#8221;mh-2-col-text&#8221;]<div class=\"mh-heading-wrapper--left \">\r\n\t\r\n        <div class=\"mh-heading-wrapper\">\r\n            <h2            class=\"mh-heading  mh-heading--bottom-separator   \"\r\n            style=\"font-weight:700;\">\r\n\t\t\tPlan inwestycji d\u0142ugoterminowej        <\/h2>\r\n\r\n\t\t    <\/div>\r\n\r\n\t<\/div>[vc_column_text el_class=&#8221;mh-font-size-m&#8221;]Strona w budowie[\/vc_column_text]<div style=\"text-align:left;\"\r\n\t class=\"\">\r\n\t<a href=\"https:\/\/latami.pl\/?page_id=2560\"\r\n\t   class=\"mdl-button mdl-js-button mdl-button--raised mdl-button--primary mdl-button--lg\"\r\n\t   title=\"Czytaj wi\u0119cej\"\r\n\t   target=\"_self\"\r\n\t>\r\n\t\tCzytaj wi\u0119cej\t<\/a>\r\n<\/div>[\/vc_column][vc_column width=&#8221;1\/2&#8243; css=&#8221;.vc_custom_1532967361960{padding-top: 0px !important;background-image: url(https:\/\/myhometheme.net\/marketplace\/wp-content\/uploads\/2017\/09\/golden.jpg?id=1892) !important;background-position: center !important;background-repeat: no-repeat !important;background-size: cover !important;}&#8221; el_class=&#8221;mh-2-col-image&#8221;][\/vc_column][\/vc_row]<\/p>\n<\/section>","protected":false},"excerpt":{"rendered":"<p>[vc_row full_width=&#8221;stretch_row_content_no_spaces&#8221; el_class=&#8221;mh-border-color-primary&#8221; css=&#8221;.vc_custom_1506957933483{padding-top: 0px !important;padding-bottom: 0px !important;}&#8221;][vc_column css=&#8221;.vc_custom_1505130209319{padding-top: 0px !important;padding-bottom: 0px !important;}&#8221;][\/vc_column][\/vc_row][vc_row][vc_column css=&#8221;.vc_custom_1507214929467{padding-top: 30px !important;padding-bottom: 24px !important;}&#8221;][vc_row_inner][vc_column_inner width=&#8221;1\/4&#8243;][vc_icon type=&#8221;material&#8221; icon_material=&#8221;vc-material vc-material-trending_up&#8221; color=&#8221;custom&#8221; size=&#8221;lg&#8221; align=&#8221;center&#8221; custom_color=&#8221;#222222&#8243; css=&#8221;.vc_custom_1507045342667{margin-bottom: 0px !important;}&#8221;][vc_column_text css_animation=&#8221;fadeInUp&#8221; css=&#8221;.vc_custom_1570053032890{margin-bottom: 12px !important;}&#8221;] Szybki wzrost kapita\u0142u Dajemy Ci wi\u0119cej ni\u017c inni. 5% zysku rocznie z wp\u0142aconej kwoty kapita\u0142u[\/vc_column_text][\/vc_column_inner][vc_column_inner width=&#8221;1\/4&#8243;][vc_icon type=&#8221;material&#8221; icon_material=&#8221;vc-material vc-material-beach_access&#8221; color=&#8221;custom&#8221; size=&#8221;lg&#8221; align=&#8221;center&#8221; [&hellip;]<\/p>\n","protected":false},"author":1,"featured_media":0,"parent":0,"menu_order":0,"comment_status":"closed","ping_status":"closed","template":"page_full-width.php","meta":[],"acf":[],"_links":{"self":[{"href":"https:\/\/latami.pl\/index.php?rest_route=\/wp\/v2\/pages\/1868"}],"collection":[{"href":"https:\/\/latami.pl\/index.php?rest_route=\/wp\/v2\/pages"}],"about":[{"href":"https:\/\/latami.pl\/index.php?rest_route=\/wp\/v2\/types\/page"}],"author":[{"embeddable":true,"href":"https:\/\/latami.pl\/index.php?rest_route=\/wp\/v2\/users\/1"}],"replies":[{"embeddable":true,"href":"https:\/\/latami.pl\/index.php?rest_route=%2Fwp%2Fv2%2Fcomments&post=1868"}],"version-history":[{"count":8,"href":"https:\/\/latami.pl\/index.php?rest_route=\/wp\/v2\/pages\/1868\/revisions"}],"predecessor-version":[{"id":3625,"href":"https:\/\/latami.pl\/index.php?rest_route=\/wp\/v2\/pages\/1868\/revisions\/3625"}],"wp:attachment":[{"href":"https:\/\/latami.pl\/index.php?rest_route=%2Fwp%2Fv2%2Fmedia&parent=1868"}],"curies":[{"name":"wp","href":"https:\/\/api.w.org\/{rel}","templated":true}]}}