{"id":2551,"date":"2017-11-25T18:11:05","date_gmt":"2017-11-25T18:11:05","guid":{"rendered":"https:\/\/myhometheme.net\/default\/?page_id=2551"},"modified":"2019-10-21T17:54:53","modified_gmt":"2019-10-21T15:54:53","slug":"polecane","status":"publish","type":"page","link":"https:\/\/latami.pl\/?page_id=2551","title":{"rendered":"Polecane nieruchomo\u015bci"},"content":{"rendered":"<section class=\"wpb-content-wrapper\"><p>[vc_row][vc_column css=&#8221;.vc_custom_1530530997764{padding-top: 12px !important;padding-bottom: 48px !important;}&#8221;][vc_column_text css=&#8221;.vc_custom_1555168242419{margin-bottom: 0px !important;}&#8221;]<\/p>\n<div style=\"font-size: 21px; text-align: center; max-width: 768px; margin: 0 auto;\">Poni\u017cej przedstawiamy nieruchomo\u015bci godne uwagi.<\/div>\n<div style=\"font-size: 21px; text-align: center; max-width: 768px; margin: 0 auto;\">Zapraszamy do zapoznania si\u0119 z nimi<\/div>\n<p>[\/vc_column_text][\/vc_column][\/vc_row][vc_row][vc_column]    <div class=\"mh-grid\">\r\n\t\t            <div class=\"mh-grid__1of3\">\r\n                <div class=\" mh-attribute-rodzaj-nieruchomosci__dom mh-attribute-rodzaj-oferty__sprzedane mh-attribute-city__lodz mh-attribute-property-size__property-size mh-attribute-neighborhood__stoki mh-attribute-street__janosika mh-attribute-bedrooms__bedrooms mh-attribute-year-built__year-built mh-attribute-media__kanalizacja mh-attribute-media__prad mh-attribute-media__woda-ciepla mh-attribute-media__woda-zimna \">\r\n                    <article class=\"mh-estate-vertical mh-estate-vertical--list\">\r\n\t\t\t\t\t\t                            <add-to-favorite\r\n                                    class=\"myhome-add-to-favorite\"\r\n                                    :property-id=\"3756\"\r\n                            ><\/add-to-favorite>\r\n\t\t\t\t\t\t\r\n                        <a href=\"https:\/\/latami.pl\/?estate=wynajme-dom\"\r\n                           title=\"Dom Janosika 150\"\r\n                           class=\"mh-thumbnail\"\r\n\t\t\t\t\t\t\t                        >\r\n\r\n\t\t\t\t\t\t\t                                <div class=\"mh-thumbnail__inner\">\r\n\t\t\t\t\t\t\t\t\t\t\t<img\r\n\t\t\t\t\t\t\tdata-srcset=\"https:\/\/latami.pl\/wp-content\/uploads\/2019\/11\/IMG_20191029_102706-120x75.jpg 120w, https:\/\/latami.pl\/wp-content\/uploads\/2019\/11\/IMG_20191029_102706-848x530.jpg 848w, https:\/\/latami.pl\/wp-content\/uploads\/2019\/11\/IMG_20191029_102706-600x375.jpg 600w, https:\/\/latami.pl\/wp-content\/uploads\/2019\/11\/IMG_20191029_102706-400x250.jpg 400w, https:\/\/latami.pl\/wp-content\/uploads\/2019\/11\/IMG_20191029_102706-224x140.jpg 224w\"\r\n\t\t\t\tclass=\"lazyload \"\r\n\t\t\t\tdata-sizes=\"auto\"\r\n\t\t\t\t\t\talt=\"Dom Janosika 150\"\r\n\t\t>\r\n\t\t                                <\/div>\r\n\t\t\t\t\t\t\t\r\n\t\t\t\t\t\t\t                                <div class=\"mh-thumbnail__featured\">\r\n                                    <i class=\"fas fa-star\"><\/i>\r\n                                <\/div>\r\n\t\t\t\t\t\t\t\r\n\t\t\t\t\t\t\t                                <div class=\"mh-caption\">\r\n\r\n\t\t\t\t\t\t\t\t\t\t\t\t\t\t\t\t\t\t\t                                            <div\r\n                                                    class=\"mh-caption__inner mh-label__sprzedane\"\r\n                                                    style=\"background-color: #222222; color: #ffffff\"\r\n                                            >\r\n\t\t\t\t\t\t\t\t\t\t\t\tSprzedane!                                            <\/div>\r\n\t\t\t\t\t\t\t\t\t\t\t\t\t\t\t\t\t\t\t\r\n                                <\/div>\r\n\t\t\t\t\t\t\t\r\n                            <div class=\"mh-estate-vertical__text\">\r\n                                <div class=\"mh-estate-vertical__text__inner\">\r\n\t\t\t\t\t\t\t\t\tSprzedam dom na ul. Janosika 150 w \u0141odzi. Powierzchnia 61m2. Media to woda, kanalizacja, pr\u0105d, si\u0142a, ogrzewanie elektryczne.                                <\/div>\r\n                            <\/div>\r\n                        <\/a>\r\n\r\n                        <div class=\"mh-estate-vertical__content\">\r\n                            <h3 class=\"mh-estate-vertical__heading\">\r\n                                <a href=\"https:\/\/latami.pl\/?estate=wynajme-dom\"\r\n                                   title=\"Dom Janosika 150\"\r\n\t\t\t\t\t\t\t\t\t                                >\r\n\t\t\t\t\t\t\t\t\tDom Janosika 150                                <\/a>\r\n                            <\/h3>\r\n\r\n\t\t\t\t\t\t\t\r\n                            <div class=\"mh-estate-vertical__primary\">\r\n\t\t\t\t\t\t\t\t\t\t\t\t\t\t\t\t\t                                        <div\r\n\t\t\t\t\t\t\t\t\t\t\t>\r\n\t\t\t\t\t\t\t\t\t\t\t280.000z\u0142                                        <\/div>\r\n\t\t\t\t\t\t\t\t\t\t\t\t\t\t\t\t\t                            <\/div>\r\n\r\n                            <div>\r\n                                <div class=\"mh-estate__list\">\r\n\t\t\t\t\t\t\t\t\t\r\n                                        <div class=\"mh-estate-vertical__more-info mh-attribute__property-size\">\r\n                                            <strong>\r\n\t\t\t\t\t\t\t\t\t\t\t\t\t\t\t\t\t\t\t\t\t\t\t\t\tPowierzchnia:\r\n\t\t\t\t\t\t\t\t\t\t\t\t                                            <\/strong>\r\n\r\n\t\t\t\t\t\t\t\t\t\t\t61 m\u00b2\r\n                                        <\/div>\r\n\r\n\t\t\t\t\t\t\t\t\t\r\n                                        <div class=\"mh-estate-vertical__more-info mh-attribute__bedrooms\">\r\n                                            <strong>\r\n\t\t\t\t\t\t\t\t\t\t\t\t\t\t\t\t\t\t\t\t\t\t\t\t\tPokoje:\r\n\t\t\t\t\t\t\t\t\t\t\t\t                                            <\/strong>\r\n\r\n\t\t\t\t\t\t\t\t\t\t\t2\r\n                                        <\/div>\r\n\r\n\t\t\t\t\t\t\t\t\t                                <\/div>\r\n                            <\/div>\r\n\r\n                            <div class=\"mh-estate-vertical__bottom\">\r\n                                <div class=\"mh-estate-vertical__bottom__inner\">\r\n\r\n\t\t\t\t\t\t\t\t\t                                        <div class=\"mh-estate-vertical__date\">\r\n\t\t\t\t\t\t\t\t\t\t\t6 lat temu                                        <\/div>\r\n\t\t\t\t\t\t\t\t\t\r\n                                    <div class=\"mh-estate-vertical__buttons-wrapper\">\r\n                                        <div class=\"mh-estate-vertical__buttons\">\r\n\r\n\t\t\t\t\t\t\t\t\t\t\t                                                <div class=\"mh-estate-vertical__buttons__single\">\r\n                                                    <compare-button\r\n                                                            class=\"myhome-compare-button myhome-compare-button-list\"\r\n                                                            :estate=\"{&quot;id&quot;:3756,&quot;name&quot;:&quot;Dom Janosika 150&quot;,&quot;slug&quot;:&quot;wynajme-dom&quot;,&quot;excerpt&quot;:&quot;Sprzedam dom na ul. Janosika 150 w \\u0141odzi. Powierzchnia 61m2. Media to woda, kanalizacja, pr\\u0105d, si\\u0142a, ogrzewanie elektryczne.&quot;,&quot;link&quot;:&quot;https:\\\/\\\/latami.pl\\\/?estate=wynajme-dom&quot;,&quot;has_price&quot;:true,&quot;image_srcset&quot;:&quot;https:\\\/\\\/latami.pl\\\/wp-content\\\/uploads\\\/2019\\\/11\\\/IMG_20191029_102706-120x75.jpg 120w, https:\\\/\\\/latami.pl\\\/wp-content\\\/uploads\\\/2019\\\/11\\\/IMG_20191029_102706-848x530.jpg 848w, https:\\\/\\\/latami.pl\\\/wp-content\\\/uploads\\\/2019\\\/11\\\/IMG_20191029_102706-600x375.jpg 600w, https:\\\/\\\/latami.pl\\\/wp-content\\\/uploads\\\/2019\\\/11\\\/IMG_20191029_102706-400x250.jpg 400w, https:\\\/\\\/latami.pl\\\/wp-content\\\/uploads\\\/2019\\\/11\\\/IMG_20191029_102706-224x140.jpg 224w&quot;,&quot;image&quot;:&quot;https:\\\/\\\/latami.pl\\\/wp-content\\\/uploads\\\/2019\\\/11\\\/IMG_20191029_102706.jpg&quot;,&quot;attributes&quot;:[{&quot;name&quot;:&quot;Rodzaj nieruchomo\\u015bci&quot;,&quot;slug&quot;:&quot;rodzaj-nieruchomosci&quot;,&quot;has_archive&quot;:true,&quot;values&quot;:[{&quot;name&quot;:&quot;Dom&quot;,&quot;value&quot;:&quot;Dom&quot;,&quot;link&quot;:&quot;https:\\\/\\\/latami.pl\\\/?rodzaj-nieruchomosci=dom&quot;,&quot;slug&quot;:&quot;dom&quot;,&quot;options&quot;:[]}],&quot;display_after&quot;:&quot;&quot;,&quot;show&quot;:true,&quot;card_show&quot;:false,&quot;icon&quot;:&quot;&quot;},{&quot;name&quot;:&quot;Rodzaj oferty&quot;,&quot;slug&quot;:&quot;rodzaj-oferty&quot;,&quot;has_archive&quot;:true,&quot;values&quot;:[{&quot;name&quot;:&quot;Sprzedane!&quot;,&quot;value&quot;:&quot;Sprzedane!&quot;,&quot;link&quot;:&quot;https:\\\/\\\/latami.pl\\\/?rodzaj-oferty=sprzedane&quot;,&quot;slug&quot;:&quot;sprzedane&quot;,&quot;options&quot;:{&quot;has_label&quot;:true,&quot;bg_color&quot;:&quot;#222222&quot;,&quot;color&quot;:&quot;#ffffff&quot;}}],&quot;display_after&quot;:&quot;&quot;,&quot;show&quot;:true,&quot;card_show&quot;:false,&quot;icon&quot;:&quot;&quot;},{&quot;name&quot;:&quot;Miasto&quot;,&quot;slug&quot;:&quot;city&quot;,&quot;has_archive&quot;:true,&quot;values&quot;:[{&quot;name&quot;:&quot;\\u0141\\u00f3d\\u017a&quot;,&quot;value&quot;:&quot;\\u0141\\u00f3d\\u017a&quot;,&quot;link&quot;:&quot;https:\\\/\\\/latami.pl\\\/?city=lodz&quot;,&quot;slug&quot;:&quot;lodz&quot;,&quot;options&quot;:[]}],&quot;display_after&quot;:&quot;&quot;,&quot;show&quot;:true,&quot;card_show&quot;:false,&quot;icon&quot;:&quot;&quot;},{&quot;name&quot;:&quot;Data obowi\\u0105zywania ceny&quot;,&quot;slug&quot;:&quot;data-obowi--zywania-ceny&quot;,&quot;has_archive&quot;:false,&quot;values&quot;:[],&quot;display_after&quot;:&quot;&quot;,&quot;show&quot;:true,&quot;card_show&quot;:true,&quot;icon&quot;:&quot;&quot;},{&quot;name&quot;:&quot;Powierzchnia&quot;,&quot;slug&quot;:&quot;property-size&quot;,&quot;has_archive&quot;:false,&quot;values&quot;:[{&quot;name&quot;:&quot;61 m\\u00b2&quot;,&quot;value&quot;:&quot;61&quot;,&quot;link&quot;:&quot;&quot;,&quot;slug&quot;:&quot;property-size&quot;,&quot;options&quot;:[]}],&quot;display_after&quot;:&quot;m\\u00b2&quot;,&quot;show&quot;:true,&quot;card_show&quot;:true,&quot;icon&quot;:&quot;&quot;},{&quot;name&quot;:&quot;Powierzchnia dzia\\u0142ki&quot;,&quot;slug&quot;:&quot;lot-size&quot;,&quot;has_archive&quot;:false,&quot;values&quot;:[],&quot;display_after&quot;:&quot;m\\u00b2&quot;,&quot;show&quot;:true,&quot;card_show&quot;:true,&quot;icon&quot;:&quot;&quot;},{&quot;name&quot;:&quot;Cena za metr&quot;,&quot;slug&quot;:&quot;attribute_20&quot;,&quot;has_archive&quot;:false,&quot;values&quot;:[],&quot;display_after&quot;:&quot;z\\u0142\\\/m\\u00b2&quot;,&quot;show&quot;:true,&quot;card_show&quot;:true,&quot;icon&quot;:&quot;&quot;},{&quot;name&quot;:&quot;Dzielnica&quot;,&quot;slug&quot;:&quot;neighborhood&quot;,&quot;has_archive&quot;:true,&quot;values&quot;:[{&quot;name&quot;:&quot;Stoki&quot;,&quot;value&quot;:&quot;Stoki&quot;,&quot;link&quot;:&quot;https:\\\/\\\/latami.pl\\\/?neighborhood=stoki&quot;,&quot;slug&quot;:&quot;stoki&quot;,&quot;options&quot;:[]}],&quot;display_after&quot;:&quot;&quot;,&quot;show&quot;:true,&quot;card_show&quot;:false,&quot;icon&quot;:&quot;&quot;},{&quot;name&quot;:&quot;Kod&quot;,&quot;slug&quot;:&quot;zip-code&quot;,&quot;has_archive&quot;:true,&quot;values&quot;:[],&quot;display_after&quot;:&quot;&quot;,&quot;show&quot;:true,&quot;card_show&quot;:false,&quot;icon&quot;:&quot;&quot;},{&quot;name&quot;:&quot;Ulica&quot;,&quot;slug&quot;:&quot;street&quot;,&quot;has_archive&quot;:true,&quot;values&quot;:[{&quot;name&quot;:&quot;Janosika&quot;,&quot;value&quot;:&quot;Janosika&quot;,&quot;link&quot;:&quot;https:\\\/\\\/latami.pl\\\/?street=janosika&quot;,&quot;slug&quot;:&quot;janosika&quot;,&quot;options&quot;:[]}],&quot;display_after&quot;:&quot;&quot;,&quot;show&quot;:true,&quot;card_show&quot;:false,&quot;icon&quot;:&quot;&quot;},{&quot;name&quot;:&quot;Pokoje&quot;,&quot;slug&quot;:&quot;bedrooms&quot;,&quot;has_archive&quot;:false,&quot;values&quot;:[{&quot;name&quot;:&quot;2&quot;,&quot;value&quot;:&quot;2&quot;,&quot;link&quot;:&quot;&quot;,&quot;slug&quot;:&quot;bedrooms&quot;,&quot;options&quot;:[]}],&quot;display_after&quot;:&quot;&quot;,&quot;show&quot;:true,&quot;card_show&quot;:true,&quot;icon&quot;:&quot;&quot;},{&quot;name&quot;:&quot;Pi\\u0119tro&quot;,&quot;slug&quot;:&quot;pietro&quot;,&quot;has_archive&quot;:true,&quot;values&quot;:[],&quot;display_after&quot;:&quot;&quot;,&quot;show&quot;:true,&quot;card_show&quot;:true,&quot;icon&quot;:&quot;&quot;},{&quot;name&quot;:&quot;Rok&quot;,&quot;slug&quot;:&quot;year-built&quot;,&quot;has_archive&quot;:false,&quot;values&quot;:[{&quot;name&quot;:&quot;1950&quot;,&quot;value&quot;:&quot;1950&quot;,&quot;link&quot;:&quot;&quot;,&quot;slug&quot;:&quot;year-built&quot;,&quot;options&quot;:[]}],&quot;display_after&quot;:&quot;&quot;,&quot;show&quot;:true,&quot;card_show&quot;:false,&quot;icon&quot;:&quot;&quot;},{&quot;name&quot;:&quot;Wyposa\\u017cenie&quot;,&quot;slug&quot;:&quot;wyposazenie&quot;,&quot;has_archive&quot;:false,&quot;values&quot;:[],&quot;display_after&quot;:&quot;&quot;,&quot;show&quot;:true,&quot;card_show&quot;:false,&quot;icon&quot;:&quot;&quot;},{&quot;name&quot;:&quot;Media&quot;,&quot;slug&quot;:&quot;media&quot;,&quot;has_archive&quot;:true,&quot;values&quot;:[{&quot;name&quot;:&quot;Kanalizacja&quot;,&quot;value&quot;:&quot;Kanalizacja&quot;,&quot;link&quot;:&quot;https:\\\/\\\/latami.pl\\\/?media=kanalizacja&quot;,&quot;slug&quot;:&quot;kanalizacja&quot;,&quot;options&quot;:[]},{&quot;name&quot;:&quot;Pr\\u0105d&quot;,&quot;value&quot;:&quot;Pr\\u0105d&quot;,&quot;link&quot;:&quot;https:\\\/\\\/latami.pl\\\/?media=prad&quot;,&quot;slug&quot;:&quot;prad&quot;,&quot;options&quot;:[]},{&quot;name&quot;:&quot;Woda ciep\\u0142a&quot;,&quot;value&quot;:&quot;Woda ciep\\u0142a&quot;,&quot;link&quot;:&quot;https:\\\/\\\/latami.pl\\\/?media=woda-ciepla&quot;,&quot;slug&quot;:&quot;woda-ciepla&quot;,&quot;options&quot;:[]},{&quot;name&quot;:&quot;Woda zimna&quot;,&quot;value&quot;:&quot;Woda zimna&quot;,&quot;link&quot;:&quot;https:\\\/\\\/latami.pl\\\/?media=woda-zimna&quot;,&quot;slug&quot;:&quot;woda-zimna&quot;,&quot;options&quot;:[]}],&quot;display_after&quot;:&quot;&quot;,&quot;show&quot;:true,&quot;card_show&quot;:false,&quot;icon&quot;:&quot;&quot;}],&quot;address&quot;:&quot;&quot;,&quot;days_ago&quot;:&quot;6 lat temu&quot;,&quot;is_featured&quot;:true,&quot;offer_type&quot;:[{&quot;name&quot;:&quot;Sprzedane!&quot;,&quot;value&quot;:&quot;Sprzedane!&quot;,&quot;link&quot;:&quot;https:\\\/\\\/latami.pl\\\/?rodzaj-oferty=sprzedane&quot;,&quot;slug&quot;:&quot;sprzedane&quot;,&quot;options&quot;:{&quot;has_label&quot;:true,&quot;bg_color&quot;:&quot;#222222&quot;,&quot;color&quot;:&quot;#ffffff&quot;}}],&quot;status&quot;:&quot;publish&quot;,&quot;payment_status&quot;:&quot;pre_payment&quot;,&quot;attribute_classes&quot;:&quot; mh-attribute-rodzaj-nieruchomosci__dom mh-attribute-rodzaj-oferty__sprzedane mh-attribute-city__lodz mh-attribute-property-size__property-size mh-attribute-neighborhood__stoki mh-attribute-street__janosika mh-attribute-bedrooms__bedrooms mh-attribute-year-built__year-built mh-attribute-media__kanalizacja mh-attribute-media__prad mh-attribute-media__woda-ciepla mh-attribute-media__woda-zimna&quot;,&quot;gallery&quot;:[{&quot;image&quot;:&quot;https:\\\/\\\/latami.pl\\\/wp-content\\\/uploads\\\/2019\\\/11\\\/IMG_20191029_102706-600x375.jpg&quot;,&quot;alt&quot;:&quot;&quot;},{&quot;image&quot;:&quot;https:\\\/\\\/latami.pl\\\/wp-content\\\/uploads\\\/2019\\\/11\\\/IMG_20191029_102724-600x375.jpg&quot;,&quot;alt&quot;:&quot;&quot;},{&quot;image&quot;:&quot;https:\\\/\\\/latami.pl\\\/wp-content\\\/uploads\\\/2019\\\/11\\\/IMG_20191112_150932-600x375.jpg&quot;,&quot;alt&quot;:&quot;&quot;},{&quot;image&quot;:&quot;https:\\\/\\\/latami.pl\\\/wp-content\\\/uploads\\\/2019\\\/11\\\/IMG_20191112_150943-600x375.jpg&quot;,&quot;alt&quot;:&quot;&quot;},{&quot;image&quot;:&quot;https:\\\/\\\/latami.pl\\\/wp-content\\\/uploads\\\/2019\\\/11\\\/IMG_20191112_151002-600x375.jpg&quot;,&quot;alt&quot;:&quot;&quot;}],&quot;date&quot;:&quot;29 listopada 2019&quot;,&quot;price&quot;:[{&quot;price&quot;:&quot;280.000z\\u0142&quot;,&quot;is_range&quot;:false}]}\"\r\n                                                    ><\/compare-button>\r\n                                                <\/div>\r\n\t\t\t\t\t\t\t\t\t\t\t\r\n                                            <div class=\"mh-estate-vertical__buttons__single\">\r\n                                                <a href=\"https:\/\/latami.pl\/?estate=wynajme-dom\"\r\n                                                   title=\"Dom Janosika 150\"\r\n                                                   class=\"mdl-button mdl-js-button mdl-button--raised mdl-button--primary-ghost\"\r\n\t\t\t\t\t\t\t\t\t\t\t\t\t                                                >\r\n\t\t\t\t\t\t\t\t\t\t\t\t\tSzczeg\u00f3\u0142y                                                    <span class=\"mdl-button__icon-right\">\r\n                                                    <i class=\"fas fa-angle-right\"><\/i>\r\n                                                <\/span>\r\n                                                <\/a>\r\n                                            <\/div>\r\n                                        <\/div>\r\n                                    <\/div>\r\n                                <\/div>\r\n                            <\/div>\r\n                        <\/div>\r\n                    <\/article>\r\n                <\/div>\r\n            <\/div>\r\n\t\t    <\/div>\r\n\r\n[\/vc_column][\/vc_row][vc_row][vc_column][vc_empty_space height=&#8221;48px&#8221;][\/vc_column][\/vc_row]<\/p>\n<\/section>","protected":false},"excerpt":{"rendered":"<p>[vc_row][vc_column css=&#8221;.vc_custom_1530530997764{padding-top: 12px !important;padding-bottom: 48px !important;}&#8221;][vc_column_text css=&#8221;.vc_custom_1555168242419{margin-bottom: 0px !important;}&#8221;] Poni\u017cej przedstawiamy nieruchomo\u015bci godne uwagi. Zapraszamy do zapoznania si\u0119 z nimi [\/vc_column_text][\/vc_column][\/vc_row][vc_row][vc_column][\/vc_column][\/vc_row][vc_row][vc_column][vc_empty_space height=&#8221;48px&#8221;][\/vc_column][\/vc_row]<\/p>\n","protected":false},"author":1,"featured_media":0,"parent":0,"menu_order":0,"comment_status":"closed","ping_status":"closed","template":"page_full-width-with-top-title.php","meta":[],"acf":[],"_links":{"self":[{"href":"https:\/\/latami.pl\/index.php?rest_route=\/wp\/v2\/pages\/2551"}],"collection":[{"href":"https:\/\/latami.pl\/index.php?rest_route=\/wp\/v2\/pages"}],"about":[{"href":"https:\/\/latami.pl\/index.php?rest_route=\/wp\/v2\/types\/page"}],"author":[{"embeddable":true,"href":"https:\/\/latami.pl\/index.php?rest_route=\/wp\/v2\/users\/1"}],"replies":[{"embeddable":true,"href":"https:\/\/latami.pl\/index.php?rest_route=%2Fwp%2Fv2%2Fcomments&post=2551"}],"version-history":[{"count":1,"href":"https:\/\/latami.pl\/index.php?rest_route=\/wp\/v2\/pages\/2551\/revisions"}],"predecessor-version":[{"id":3387,"href":"https:\/\/latami.pl\/index.php?rest_route=\/wp\/v2\/pages\/2551\/revisions\/3387"}],"wp:attachment":[{"href":"https:\/\/latami.pl\/index.php?rest_route=%2Fwp%2Fv2%2Fmedia&parent=2551"}],"curies":[{"name":"wp","href":"https:\/\/api.w.org\/{rel}","templated":true}]}}