{"id":439,"date":"2017-02-01T10:38:11","date_gmt":"2017-02-01T10:38:11","guid":{"rendered":"http:\/\/localhost\/newhome\/?page_id=439"},"modified":"2022-01-04T21:44:08","modified_gmt":"2022-01-04T20:44:08","slug":"start","status":"publish","type":"page","link":"https:\/\/latami.pl\/","title":{"rendered":"Start"},"content":{"rendered":"<section class=\"wpb-content-wrapper\"><p>[vc_row full_width=&#8221;stretch_row_content_no_spaces&#8221;][vc_column css=&#8221;.vc_custom_1487251666232{padding-bottom: 24px !important;}&#8221;]\r\n    <div class=\"mh-rs-search mh-rs-search--middle mh-rs-search--type-1 mh-rs-search--size-medium mh-rs-search--bg-light-mask\">\r\n        <style>\r\n            #myhome-search-form-submit .mh-search--button {\r\n                top: 0px !important;\r\n            }\r\n\r\n            @media (max-width: 778px) {\r\n                #myhome-search-form-submit .mh-search--button {\r\n                    top: 0px !important;\r\n                }\r\n            }\r\n        <\/style>\r\n        \n\t\t\t<!-- START MH Hero Image REVOLUTION SLIDER 6.6.7 --><p class=\"rs-p-wp-fix\"><\/p>\n\t\t\t<rs-module-wrap id=\"rev_slider_4_1_wrapper\" data-source=\"gallery\" style=\"visibility:hidden;background:transparent;padding:0;margin:0px auto;margin-top:0;margin-bottom:0;\">\n\t\t\t\t<rs-module id=\"rev_slider_4_1\" style=\"\" data-version=\"6.6.7\">\n\t\t\t\t\t<rs-slides style=\"overflow: hidden; position: absolute;\">\n\t\t\t\t\t\t<rs-slide style=\"position: absolute;\" data-key=\"rs-4\" data-title=\"Slide\" data-anim=\"adpr:false;\" data-in=\"o:0;\" data-out=\"a:false;\">\n\t\t\t\t\t\t\t<img src=\"\/\/latami.pl\/wp-content\/plugins\/revslider\/public\/assets\/assets\/dummy.png\" alt=\"\" title=\"Start\" class=\"rev-slidebg tp-rs-img rs-lazyload\" data-lazyload=\"\/\/latami.pl\/wp-content\/uploads\/2017\/01\/seattle.jpg\" data-no-retina>\n<!--\n\t\t\t\t\t\t\t--><h3\n\t\t\t\t\t\t\t\tid=\"slider-4-slide-4-layer-2\" \n\t\t\t\t\t\t\t\tclass=\"rs-layer\"\n\t\t\t\t\t\t\t\tdata-type=\"text\"\n\t\t\t\t\t\t\t\tdata-color=\"rgba(255, 255, 255, 1)\"\n\t\t\t\t\t\t\t\tdata-rsp_ch=\"on\"\n\t\t\t\t\t\t\t\tdata-xy=\"x:c;y:m;yo:-70px,-70px,-70px,-40px;\"\n\t\t\t\t\t\t\t\tdata-text=\"w:nowrap,nowrap,nowrap,normal;s:50,50,50,20;l:50,50,50,36;fw:700;a:inherit,inherit,inherit,center;\"\n\t\t\t\t\t\t\t\tdata-dim=\"w:auto,auto,auto,300px;\"\n\t\t\t\t\t\t\t\tdata-frame_0=\"y:-50px;\"\n\t\t\t\t\t\t\t\tdata-frame_1=\"e:power4.inOut;st:900;sp:800;sR:900;\"\n\t\t\t\t\t\t\t\tdata-frame_999=\"o:0;st:w;sR:7300;\"\n\t\t\t\t\t\t\t\tstyle=\"z-index:6;font-family:'Roboto';text-transform:uppercase;\"\n\t\t\t\t\t\t\t>Witaj na naszej stronie \n\t\t\t\t\t\t\t<\/h3><!--\n\n\t\t\t\t\t\t\t--><rs-layer\n\t\t\t\t\t\t\t\tid=\"slider-4-slide-4-layer-3\" \n\t\t\t\t\t\t\t\tclass=\"tp-shape tp-shapewrapper\"\n\t\t\t\t\t\t\t\tdata-type=\"shape\"\n\t\t\t\t\t\t\t\tdata-rsp_ch=\"on\"\n\t\t\t\t\t\t\t\tdata-xy=\"x:c;y:m;\"\n\t\t\t\t\t\t\t\tdata-text=\"a:inherit;\"\n\t\t\t\t\t\t\t\tdata-dim=\"w:100%;h:100%;\"\n\t\t\t\t\t\t\t\tdata-basealign=\"slide\"\n\t\t\t\t\t\t\t\tdata-frame_1=\"sR:10;\"\n\t\t\t\t\t\t\t\tdata-frame_999=\"o:0;st:w;sR:8690;\"\n\t\t\t\t\t\t\t\tstyle=\"z-index:5;background-color:rgba(0,0,0,0.45);\"\n\t\t\t\t\t\t\t> \n\t\t\t\t\t\t\t<\/rs-layer><!--\n\n\t\t\t\t\t\t\t--><rs-layer\n\t\t\t\t\t\t\t\tid=\"slider-4-slide-4-layer-5\" \n\t\t\t\t\t\t\t\tdata-type=\"text\"\n\t\t\t\t\t\t\t\tdata-color=\"rgba(255, 255, 255, 1)\"\n\t\t\t\t\t\t\t\tdata-rsp_ch=\"on\"\n\t\t\t\t\t\t\t\tdata-xy=\"x:c;xo:1px,1px,0,0;y:m;yo:-10px;\"\n\t\t\t\t\t\t\t\tdata-text=\"s:24,24,24,15;l:24;a:inherit;\"\n\t\t\t\t\t\t\t\tdata-frame_0=\"y:50px;\"\n\t\t\t\t\t\t\t\tdata-frame_1=\"e:power4.inOut;st:900;sp:800;sR:900;\"\n\t\t\t\t\t\t\t\tdata-frame_999=\"o:0;st:w;sR:7300;\"\n\t\t\t\t\t\t\t\tstyle=\"z-index:7;font-family:'Roboto';font-style:italic;\"\n\t\t\t\t\t\t\t>Chcesz znale\u017a\u0107 swoje wymarzone miejsce?? \n\t\t\t\t\t\t\t<\/rs-layer><!--\n\n\t\t\t\t\t\t\t--><rs-layer\n\t\t\t\t\t\t\t\tid=\"slider-4-slide-4-layer-6\" \n\t\t\t\t\t\t\t\tdata-type=\"text\"\n\t\t\t\t\t\t\t\tdata-color=\"rgba(255, 255, 255, 1)\"\n\t\t\t\t\t\t\t\tdata-xy=\"x:c;y:m;yo:50px;\"\n\t\t\t\t\t\t\t\tdata-text=\"l:22;a:inherit;\"\n\t\t\t\t\t\t\t\tdata-rsp_o=\"off\"\n\t\t\t\t\t\t\t\tdata-rsp_bd=\"off\"\n\t\t\t\t\t\t\t\tdata-frame_1=\"st:1700;sp:400;sR:1700;\"\n\t\t\t\t\t\t\t\tdata-frame_999=\"o:0;st:w;sR:6900;\"\n\t\t\t\t\t\t\t\tstyle=\"z-index:8;font-family:'Roboto';\"\n\t\t\t\t\t\t\t><div class=\"mh-slider__buttons\"><a href=\"#\" class=\"mdl-button mdl-js-button mdl-js-ripple-effect mdl-button--raised mdl-button--white\">O Nas<\/a><a href=\"#\" class=\"mdl-button mdl-js-button mdl-js-ripple-effect mdl-button--raised mdl-button--primary\">Szukaj<\/a><\/div> \n\t\t\t\t\t\t\t<\/rs-layer><!--\n-->\t\t\t\t\t\t<\/rs-slide>\n\t\t\t\t\t<\/rs-slides>\n\t\t\t\t<\/rs-module>\n\t\t\t\t<script>\n\t\t\t\t\tsetREVStartSize({c: 'rev_slider_4_1',rl:[1240,1024,778,480],el:[500,500,500,300],gw:[1024,900,738,320],gh:[500,500,500,300],type:'hero',justify:'',layout:'fullwidth',mh:\"0\"});if (window.RS_MODULES!==undefined && window.RS_MODULES.modules!==undefined && window.RS_MODULES.modules[\"revslider41\"]!==undefined) {window.RS_MODULES.modules[\"revslider41\"].once = false;window.revapi4 = undefined;if (window.RS_MODULES.checkMinimal!==undefined) window.RS_MODULES.checkMinimal()}\n\t\t\t\t<\/script>\n\t\t\t<\/rs-module-wrap>\n\t\t\t<!-- END REVOLUTION SLIDER -->\n            <div>\r\n                \t\t<listing-grid\r\n\t\t\tid=\"myhome-listing-grid\"\r\n\t\t\tclass=\"\"\r\n\t\t\tconfig-key='MyHomeListing1776505666'\r\n\t\t>\r\n\t\t\t\t\t<\/listing-grid>\r\n\t\t\n            <\/div>\r\n            <\/div>\r\n[\/vc_column][\/vc_row][vc_row full_width=&#8221;stretch_row&#8221; css=&#8221;.vc_custom_1486204646959{background-color: #f2f2f2 !important;}&#8221;][vc_column css=&#8221;.vc_custom_1487058900002{padding-top: 39px !important;padding-bottom: 24px !important;}&#8221;]<div class=\" \">\r\n\t\r\n        <div class=\"mh-heading-wrapper\">\r\n            <h2            class=\"mh-heading  mh-heading--bottom-separator   \"\r\n            style=\"font-weight:700;\">\r\n\t\t\tPolecane        <\/h2>\r\n\r\n\t\t    <\/div>\r\n\r\n\t<\/div>    <div class=\"mh-grid\">\r\n\t\t            <div class=\"mh-grid__1of3\">\r\n                <div class=\" mh-attribute-rodzaj-nieruchomosci__dom mh-attribute-rodzaj-oferty__sprzedane mh-attribute-city__lodz mh-attribute-property-size__property-size mh-attribute-neighborhood__stoki mh-attribute-street__janosika mh-attribute-bedrooms__bedrooms mh-attribute-year-built__year-built mh-attribute-media__kanalizacja mh-attribute-media__prad mh-attribute-media__woda-ciepla mh-attribute-media__woda-zimna mh-estate-vertical--white\">\r\n                    <article class=\"mh-estate-vertical mh-estate-vertical--list\">\r\n\t\t\t\t\t\t                            <add-to-favorite\r\n                                    class=\"myhome-add-to-favorite\"\r\n                                    :property-id=\"3756\"\r\n                            ><\/add-to-favorite>\r\n\t\t\t\t\t\t\r\n                        <a href=\"https:\/\/latami.pl\/?estate=wynajme-dom\"\r\n                           title=\"Dom Janosika 150\"\r\n                           class=\"mh-thumbnail\"\r\n\t\t\t\t\t\t\t                        >\r\n\r\n\t\t\t\t\t\t\t                                <div class=\"mh-thumbnail__inner\">\r\n\t\t\t\t\t\t\t\t\t\t\t<img\r\n\t\t\t\t\t\t\tdata-srcset=\"https:\/\/latami.pl\/wp-content\/uploads\/2019\/11\/IMG_20191029_102706-120x75.jpg 120w, https:\/\/latami.pl\/wp-content\/uploads\/2019\/11\/IMG_20191029_102706-848x530.jpg 848w, https:\/\/latami.pl\/wp-content\/uploads\/2019\/11\/IMG_20191029_102706-600x375.jpg 600w, https:\/\/latami.pl\/wp-content\/uploads\/2019\/11\/IMG_20191029_102706-400x250.jpg 400w, https:\/\/latami.pl\/wp-content\/uploads\/2019\/11\/IMG_20191029_102706-224x140.jpg 224w\"\r\n\t\t\t\tclass=\"lazyload \"\r\n\t\t\t\tdata-sizes=\"auto\"\r\n\t\t\t\t\t\talt=\"Dom Janosika 150\"\r\n\t\t>\r\n\t\t                                <\/div>\r\n\t\t\t\t\t\t\t\r\n\t\t\t\t\t\t\t                                <div class=\"mh-thumbnail__featured\">\r\n                                    <i class=\"fas fa-star\"><\/i>\r\n                                <\/div>\r\n\t\t\t\t\t\t\t\r\n\t\t\t\t\t\t\t                                <div class=\"mh-caption\">\r\n\r\n\t\t\t\t\t\t\t\t\t\t\t\t\t\t\t\t\t\t\t                                            <div\r\n                                                    class=\"mh-caption__inner mh-label__sprzedane\"\r\n                                                    style=\"background-color: #222222; color: #ffffff\"\r\n                                            >\r\n\t\t\t\t\t\t\t\t\t\t\t\tSprzedane!                                            <\/div>\r\n\t\t\t\t\t\t\t\t\t\t\t\t\t\t\t\t\t\t\t\r\n                                <\/div>\r\n\t\t\t\t\t\t\t\r\n                            <div class=\"mh-estate-vertical__text\">\r\n                                <div class=\"mh-estate-vertical__text__inner\">\r\n\t\t\t\t\t\t\t\t\tSprzedam dom na ul. Janosika 150 w \u0141odzi. Powierzchnia 61m2. Media to woda, kanalizacja, pr\u0105d, si\u0142a, ogrzewanie elektryczne.                                <\/div>\r\n                            <\/div>\r\n                        <\/a>\r\n\r\n                        <div class=\"mh-estate-vertical__content\">\r\n                            <h3 class=\"mh-estate-vertical__heading\">\r\n                                <a href=\"https:\/\/latami.pl\/?estate=wynajme-dom\"\r\n                                   title=\"Dom Janosika 150\"\r\n\t\t\t\t\t\t\t\t\t                                >\r\n\t\t\t\t\t\t\t\t\tDom Janosika 150                                <\/a>\r\n                            <\/h3>\r\n\r\n\t\t\t\t\t\t\t\r\n                            <div class=\"mh-estate-vertical__primary\">\r\n\t\t\t\t\t\t\t\t\t\t\t\t\t\t\t\t\t                                        <div\r\n\t\t\t\t\t\t\t\t\t\t\t>\r\n\t\t\t\t\t\t\t\t\t\t\t280.000z\u0142                                        <\/div>\r\n\t\t\t\t\t\t\t\t\t\t\t\t\t\t\t\t\t                            <\/div>\r\n\r\n                            <div>\r\n                                <div class=\"mh-estate__list\">\r\n\t\t\t\t\t\t\t\t\t\r\n                                        <div class=\"mh-estate-vertical__more-info mh-attribute__property-size\">\r\n                                            <strong>\r\n\t\t\t\t\t\t\t\t\t\t\t\t\t\t\t\t\t\t\t\t\t\t\t\t\tPowierzchnia:\r\n\t\t\t\t\t\t\t\t\t\t\t\t                                            <\/strong>\r\n\r\n\t\t\t\t\t\t\t\t\t\t\t61 m\u00b2\r\n                                        <\/div>\r\n\r\n\t\t\t\t\t\t\t\t\t\r\n                                        <div class=\"mh-estate-vertical__more-info mh-attribute__bedrooms\">\r\n                                            <strong>\r\n\t\t\t\t\t\t\t\t\t\t\t\t\t\t\t\t\t\t\t\t\t\t\t\t\tPokoje:\r\n\t\t\t\t\t\t\t\t\t\t\t\t                                            <\/strong>\r\n\r\n\t\t\t\t\t\t\t\t\t\t\t2\r\n                                        <\/div>\r\n\r\n\t\t\t\t\t\t\t\t\t                                <\/div>\r\n                            <\/div>\r\n\r\n                            <div class=\"mh-estate-vertical__bottom\">\r\n                                <div class=\"mh-estate-vertical__bottom__inner\">\r\n\r\n\t\t\t\t\t\t\t\t\t                                        <div class=\"mh-estate-vertical__date\">\r\n\t\t\t\t\t\t\t\t\t\t\t6 lat temu                                        <\/div>\r\n\t\t\t\t\t\t\t\t\t\r\n                                    <div class=\"mh-estate-vertical__buttons-wrapper\">\r\n                                        <div class=\"mh-estate-vertical__buttons\">\r\n\r\n\t\t\t\t\t\t\t\t\t\t\t                                                <div class=\"mh-estate-vertical__buttons__single\">\r\n                                                    <compare-button\r\n                                                            class=\"myhome-compare-button myhome-compare-button-list\"\r\n                                                            :estate=\"{&quot;id&quot;:3756,&quot;name&quot;:&quot;Dom Janosika 150&quot;,&quot;slug&quot;:&quot;wynajme-dom&quot;,&quot;excerpt&quot;:&quot;Sprzedam dom na ul. Janosika 150 w \\u0141odzi. Powierzchnia 61m2. Media to woda, kanalizacja, pr\\u0105d, si\\u0142a, ogrzewanie elektryczne.&quot;,&quot;link&quot;:&quot;https:\\\/\\\/latami.pl\\\/?estate=wynajme-dom&quot;,&quot;has_price&quot;:true,&quot;image_srcset&quot;:&quot;https:\\\/\\\/latami.pl\\\/wp-content\\\/uploads\\\/2019\\\/11\\\/IMG_20191029_102706-120x75.jpg 120w, https:\\\/\\\/latami.pl\\\/wp-content\\\/uploads\\\/2019\\\/11\\\/IMG_20191029_102706-848x530.jpg 848w, https:\\\/\\\/latami.pl\\\/wp-content\\\/uploads\\\/2019\\\/11\\\/IMG_20191029_102706-600x375.jpg 600w, https:\\\/\\\/latami.pl\\\/wp-content\\\/uploads\\\/2019\\\/11\\\/IMG_20191029_102706-400x250.jpg 400w, https:\\\/\\\/latami.pl\\\/wp-content\\\/uploads\\\/2019\\\/11\\\/IMG_20191029_102706-224x140.jpg 224w&quot;,&quot;image&quot;:&quot;https:\\\/\\\/latami.pl\\\/wp-content\\\/uploads\\\/2019\\\/11\\\/IMG_20191029_102706.jpg&quot;,&quot;attributes&quot;:[{&quot;name&quot;:&quot;Rodzaj nieruchomo\\u015bci&quot;,&quot;slug&quot;:&quot;rodzaj-nieruchomosci&quot;,&quot;has_archive&quot;:true,&quot;values&quot;:[{&quot;name&quot;:&quot;Dom&quot;,&quot;value&quot;:&quot;Dom&quot;,&quot;link&quot;:&quot;https:\\\/\\\/latami.pl\\\/?rodzaj-nieruchomosci=dom&quot;,&quot;slug&quot;:&quot;dom&quot;,&quot;options&quot;:[]}],&quot;display_after&quot;:&quot;&quot;,&quot;show&quot;:true,&quot;card_show&quot;:false,&quot;icon&quot;:&quot;&quot;},{&quot;name&quot;:&quot;Rodzaj oferty&quot;,&quot;slug&quot;:&quot;rodzaj-oferty&quot;,&quot;has_archive&quot;:true,&quot;values&quot;:[{&quot;name&quot;:&quot;Sprzedane!&quot;,&quot;value&quot;:&quot;Sprzedane!&quot;,&quot;link&quot;:&quot;https:\\\/\\\/latami.pl\\\/?rodzaj-oferty=sprzedane&quot;,&quot;slug&quot;:&quot;sprzedane&quot;,&quot;options&quot;:{&quot;has_label&quot;:true,&quot;bg_color&quot;:&quot;#222222&quot;,&quot;color&quot;:&quot;#ffffff&quot;}}],&quot;display_after&quot;:&quot;&quot;,&quot;show&quot;:true,&quot;card_show&quot;:false,&quot;icon&quot;:&quot;&quot;},{&quot;name&quot;:&quot;Miasto&quot;,&quot;slug&quot;:&quot;city&quot;,&quot;has_archive&quot;:true,&quot;values&quot;:[{&quot;name&quot;:&quot;\\u0141\\u00f3d\\u017a&quot;,&quot;value&quot;:&quot;\\u0141\\u00f3d\\u017a&quot;,&quot;link&quot;:&quot;https:\\\/\\\/latami.pl\\\/?city=lodz&quot;,&quot;slug&quot;:&quot;lodz&quot;,&quot;options&quot;:[]}],&quot;display_after&quot;:&quot;&quot;,&quot;show&quot;:true,&quot;card_show&quot;:false,&quot;icon&quot;:&quot;&quot;},{&quot;name&quot;:&quot;Data obowi\\u0105zywania ceny&quot;,&quot;slug&quot;:&quot;data-obowi--zywania-ceny&quot;,&quot;has_archive&quot;:false,&quot;values&quot;:[],&quot;display_after&quot;:&quot;&quot;,&quot;show&quot;:true,&quot;card_show&quot;:true,&quot;icon&quot;:&quot;&quot;},{&quot;name&quot;:&quot;Powierzchnia&quot;,&quot;slug&quot;:&quot;property-size&quot;,&quot;has_archive&quot;:false,&quot;values&quot;:[{&quot;name&quot;:&quot;61 m\\u00b2&quot;,&quot;value&quot;:&quot;61&quot;,&quot;link&quot;:&quot;&quot;,&quot;slug&quot;:&quot;property-size&quot;,&quot;options&quot;:[]}],&quot;display_after&quot;:&quot;m\\u00b2&quot;,&quot;show&quot;:true,&quot;card_show&quot;:true,&quot;icon&quot;:&quot;&quot;},{&quot;name&quot;:&quot;Powierzchnia dzia\\u0142ki&quot;,&quot;slug&quot;:&quot;lot-size&quot;,&quot;has_archive&quot;:false,&quot;values&quot;:[],&quot;display_after&quot;:&quot;m\\u00b2&quot;,&quot;show&quot;:true,&quot;card_show&quot;:true,&quot;icon&quot;:&quot;&quot;},{&quot;name&quot;:&quot;Cena za metr&quot;,&quot;slug&quot;:&quot;attribute_20&quot;,&quot;has_archive&quot;:false,&quot;values&quot;:[],&quot;display_after&quot;:&quot;z\\u0142\\\/m\\u00b2&quot;,&quot;show&quot;:true,&quot;card_show&quot;:true,&quot;icon&quot;:&quot;&quot;},{&quot;name&quot;:&quot;Dzielnica&quot;,&quot;slug&quot;:&quot;neighborhood&quot;,&quot;has_archive&quot;:true,&quot;values&quot;:[{&quot;name&quot;:&quot;Stoki&quot;,&quot;value&quot;:&quot;Stoki&quot;,&quot;link&quot;:&quot;https:\\\/\\\/latami.pl\\\/?neighborhood=stoki&quot;,&quot;slug&quot;:&quot;stoki&quot;,&quot;options&quot;:[]}],&quot;display_after&quot;:&quot;&quot;,&quot;show&quot;:true,&quot;card_show&quot;:false,&quot;icon&quot;:&quot;&quot;},{&quot;name&quot;:&quot;Kod&quot;,&quot;slug&quot;:&quot;zip-code&quot;,&quot;has_archive&quot;:true,&quot;values&quot;:[],&quot;display_after&quot;:&quot;&quot;,&quot;show&quot;:true,&quot;card_show&quot;:false,&quot;icon&quot;:&quot;&quot;},{&quot;name&quot;:&quot;Ulica&quot;,&quot;slug&quot;:&quot;street&quot;,&quot;has_archive&quot;:true,&quot;values&quot;:[{&quot;name&quot;:&quot;Janosika&quot;,&quot;value&quot;:&quot;Janosika&quot;,&quot;link&quot;:&quot;https:\\\/\\\/latami.pl\\\/?street=janosika&quot;,&quot;slug&quot;:&quot;janosika&quot;,&quot;options&quot;:[]}],&quot;display_after&quot;:&quot;&quot;,&quot;show&quot;:true,&quot;card_show&quot;:false,&quot;icon&quot;:&quot;&quot;},{&quot;name&quot;:&quot;Pokoje&quot;,&quot;slug&quot;:&quot;bedrooms&quot;,&quot;has_archive&quot;:false,&quot;values&quot;:[{&quot;name&quot;:&quot;2&quot;,&quot;value&quot;:&quot;2&quot;,&quot;link&quot;:&quot;&quot;,&quot;slug&quot;:&quot;bedrooms&quot;,&quot;options&quot;:[]}],&quot;display_after&quot;:&quot;&quot;,&quot;show&quot;:true,&quot;card_show&quot;:true,&quot;icon&quot;:&quot;&quot;},{&quot;name&quot;:&quot;Pi\\u0119tro&quot;,&quot;slug&quot;:&quot;pietro&quot;,&quot;has_archive&quot;:true,&quot;values&quot;:[],&quot;display_after&quot;:&quot;&quot;,&quot;show&quot;:true,&quot;card_show&quot;:true,&quot;icon&quot;:&quot;&quot;},{&quot;name&quot;:&quot;Rok&quot;,&quot;slug&quot;:&quot;year-built&quot;,&quot;has_archive&quot;:false,&quot;values&quot;:[{&quot;name&quot;:&quot;1950&quot;,&quot;value&quot;:&quot;1950&quot;,&quot;link&quot;:&quot;&quot;,&quot;slug&quot;:&quot;year-built&quot;,&quot;options&quot;:[]}],&quot;display_after&quot;:&quot;&quot;,&quot;show&quot;:true,&quot;card_show&quot;:false,&quot;icon&quot;:&quot;&quot;},{&quot;name&quot;:&quot;Wyposa\\u017cenie&quot;,&quot;slug&quot;:&quot;wyposazenie&quot;,&quot;has_archive&quot;:false,&quot;values&quot;:[],&quot;display_after&quot;:&quot;&quot;,&quot;show&quot;:true,&quot;card_show&quot;:false,&quot;icon&quot;:&quot;&quot;},{&quot;name&quot;:&quot;Media&quot;,&quot;slug&quot;:&quot;media&quot;,&quot;has_archive&quot;:true,&quot;values&quot;:[{&quot;name&quot;:&quot;Kanalizacja&quot;,&quot;value&quot;:&quot;Kanalizacja&quot;,&quot;link&quot;:&quot;https:\\\/\\\/latami.pl\\\/?media=kanalizacja&quot;,&quot;slug&quot;:&quot;kanalizacja&quot;,&quot;options&quot;:[]},{&quot;name&quot;:&quot;Pr\\u0105d&quot;,&quot;value&quot;:&quot;Pr\\u0105d&quot;,&quot;link&quot;:&quot;https:\\\/\\\/latami.pl\\\/?media=prad&quot;,&quot;slug&quot;:&quot;prad&quot;,&quot;options&quot;:[]},{&quot;name&quot;:&quot;Woda ciep\\u0142a&quot;,&quot;value&quot;:&quot;Woda ciep\\u0142a&quot;,&quot;link&quot;:&quot;https:\\\/\\\/latami.pl\\\/?media=woda-ciepla&quot;,&quot;slug&quot;:&quot;woda-ciepla&quot;,&quot;options&quot;:[]},{&quot;name&quot;:&quot;Woda zimna&quot;,&quot;value&quot;:&quot;Woda zimna&quot;,&quot;link&quot;:&quot;https:\\\/\\\/latami.pl\\\/?media=woda-zimna&quot;,&quot;slug&quot;:&quot;woda-zimna&quot;,&quot;options&quot;:[]}],&quot;display_after&quot;:&quot;&quot;,&quot;show&quot;:true,&quot;card_show&quot;:false,&quot;icon&quot;:&quot;&quot;}],&quot;address&quot;:&quot;&quot;,&quot;days_ago&quot;:&quot;6 lat temu&quot;,&quot;is_featured&quot;:true,&quot;offer_type&quot;:[{&quot;name&quot;:&quot;Sprzedane!&quot;,&quot;value&quot;:&quot;Sprzedane!&quot;,&quot;link&quot;:&quot;https:\\\/\\\/latami.pl\\\/?rodzaj-oferty=sprzedane&quot;,&quot;slug&quot;:&quot;sprzedane&quot;,&quot;options&quot;:{&quot;has_label&quot;:true,&quot;bg_color&quot;:&quot;#222222&quot;,&quot;color&quot;:&quot;#ffffff&quot;}}],&quot;status&quot;:&quot;publish&quot;,&quot;payment_status&quot;:&quot;pre_payment&quot;,&quot;attribute_classes&quot;:&quot; mh-attribute-rodzaj-nieruchomosci__dom mh-attribute-rodzaj-oferty__sprzedane mh-attribute-city__lodz mh-attribute-property-size__property-size mh-attribute-neighborhood__stoki mh-attribute-street__janosika mh-attribute-bedrooms__bedrooms mh-attribute-year-built__year-built mh-attribute-media__kanalizacja mh-attribute-media__prad mh-attribute-media__woda-ciepla mh-attribute-media__woda-zimna&quot;,&quot;gallery&quot;:[{&quot;image&quot;:&quot;https:\\\/\\\/latami.pl\\\/wp-content\\\/uploads\\\/2019\\\/11\\\/IMG_20191029_102706-600x375.jpg&quot;,&quot;alt&quot;:&quot;&quot;},{&quot;image&quot;:&quot;https:\\\/\\\/latami.pl\\\/wp-content\\\/uploads\\\/2019\\\/11\\\/IMG_20191029_102724-600x375.jpg&quot;,&quot;alt&quot;:&quot;&quot;},{&quot;image&quot;:&quot;https:\\\/\\\/latami.pl\\\/wp-content\\\/uploads\\\/2019\\\/11\\\/IMG_20191112_150932-600x375.jpg&quot;,&quot;alt&quot;:&quot;&quot;},{&quot;image&quot;:&quot;https:\\\/\\\/latami.pl\\\/wp-content\\\/uploads\\\/2019\\\/11\\\/IMG_20191112_150943-600x375.jpg&quot;,&quot;alt&quot;:&quot;&quot;},{&quot;image&quot;:&quot;https:\\\/\\\/latami.pl\\\/wp-content\\\/uploads\\\/2019\\\/11\\\/IMG_20191112_151002-600x375.jpg&quot;,&quot;alt&quot;:&quot;&quot;}],&quot;date&quot;:&quot;29 listopada 2019&quot;,&quot;price&quot;:[{&quot;price&quot;:&quot;280.000z\\u0142&quot;,&quot;is_range&quot;:false}]}\"\r\n                                                    ><\/compare-button>\r\n                                                <\/div>\r\n\t\t\t\t\t\t\t\t\t\t\t\r\n                                            <div class=\"mh-estate-vertical__buttons__single\">\r\n                                                <a href=\"https:\/\/latami.pl\/?estate=wynajme-dom\"\r\n                                                   title=\"Dom Janosika 150\"\r\n                                                   class=\"mdl-button mdl-js-button mdl-button--raised mdl-button--primary-ghost\"\r\n\t\t\t\t\t\t\t\t\t\t\t\t\t                                                >\r\n\t\t\t\t\t\t\t\t\t\t\t\t\tSzczeg\u00f3\u0142y                                                    <span class=\"mdl-button__icon-right\">\r\n                                                    <i class=\"fas fa-angle-right\"><\/i>\r\n                                                <\/span>\r\n                                                <\/a>\r\n                                            <\/div>\r\n                                        <\/div>\r\n                                    <\/div>\r\n                                <\/div>\r\n                            <\/div>\r\n                        <\/div>\r\n                    <\/article>\r\n                <\/div>\r\n            <\/div>\r\n\t\t    <\/div>\r\n\r\n<div style=\"text-align:center;\"\r\n\t class=\" vc_custom_1555168437153\">\r\n\t<a href=\"https:\/\/latami.pl\/?page_id=2551\"\r\n\t   class=\"mdl-button mdl-js-button mdl-button--raised mdl-button--primary mdl-button--lg\"\r\n\t   title=\"Zobacz wszystkie polecane\"\r\n\t   target=\"_self\"\r\n\t>\r\n\t\tZobacz wszystkie polecane\t<\/a>\r\n<\/div>[\/vc_column][\/vc_row]<\/p>\n<\/section>","protected":false},"excerpt":{"rendered":"<p>[vc_row full_width=&#8221;stretch_row_content_no_spaces&#8221;][vc_column css=&#8221;.vc_custom_1487251666232{padding-bottom: 24px !important;}&#8221;][\/vc_column][\/vc_row][vc_row full_width=&#8221;stretch_row&#8221; css=&#8221;.vc_custom_1486204646959{background-color: #f2f2f2 !important;}&#8221;][vc_column css=&#8221;.vc_custom_1487058900002{padding-top: 39px !important;padding-bottom: 24px !important;}&#8221;][\/vc_column][\/vc_row]<\/p>\n","protected":false},"author":1,"featured_media":0,"parent":0,"menu_order":0,"comment_status":"closed","ping_status":"closed","template":"page_full-width.php","meta":[],"acf":[],"_links":{"self":[{"href":"https:\/\/latami.pl\/index.php?rest_route=\/wp\/v2\/pages\/439"}],"collection":[{"href":"https:\/\/latami.pl\/index.php?rest_route=\/wp\/v2\/pages"}],"about":[{"href":"https:\/\/latami.pl\/index.php?rest_route=\/wp\/v2\/types\/page"}],"author":[{"embeddable":true,"href":"https:\/\/latami.pl\/index.php?rest_route=\/wp\/v2\/users\/1"}],"replies":[{"embeddable":true,"href":"https:\/\/latami.pl\/index.php?rest_route=%2Fwp%2Fv2%2Fcomments&post=439"}],"version-history":[{"count":12,"href":"https:\/\/latami.pl\/index.php?rest_route=\/wp\/v2\/pages\/439\/revisions"}],"predecessor-version":[{"id":3805,"href":"https:\/\/latami.pl\/index.php?rest_route=\/wp\/v2\/pages\/439\/revisions\/3805"}],"wp:attachment":[{"href":"https:\/\/latami.pl\/index.php?rest_route=%2Fwp%2Fv2%2Fmedia&parent=439"}],"curies":[{"name":"wp","href":"https:\/\/api.w.org\/{rel}","templated":true}]}}